{"id":634,"date":"2024-12-22T22:52:49","date_gmt":"2024-12-22T22:52:49","guid":{"rendered":"https:\/\/eklentimarket.net\/goldtaggateway\/?page_id=634"},"modified":"2025-07-29T11:56:51","modified_gmt":"2025-07-29T11:56:51","slug":"marka-kimligi","status":"publish","type":"page","link":"https:\/\/goldtagapp.com\/ru\/\u0438\u0434\u0435\u043d\u0442\u0438\u0447\u043d\u043e\u0441\u0442\u044c-\u0431\u0440\u0435\u043d\u0434\u0430\/","title":{"rendered":"\u0424\u0438\u0440\u043c\u0435\u043d\u043d\u044b\u0439 \u0441\u0442\u0438\u043b\u044c"},"content":{"rendered":"<div data-elementor-type=\"wp-page\" data-elementor-id=\"634\" class=\"elementor elementor-634\" data-elementor-post-type=\"page\">\n\t\t\t\t<div class=\"elementor-element elementor-element-281cf59 e-flex e-con-boxed e-con e-parent\" data-id=\"281cf59\" data-element_type=\"container\" data-settings=\"{&quot;background_background&quot;:&quot;gradient&quot;}\">\n\t\t\t\t\t<div class=\"e-con-inner\">\n\t\t<div class=\"elementor-element elementor-element-ddec5e8 e-con-full e-flex e-con e-child\" data-id=\"ddec5e8\" data-element_type=\"container\">\n\t\t\t\t<div class=\"elementor-element elementor-element-62499f6 elementor-invisible elementor-widget elementor-widget-heading\" data-id=\"62499f6\" data-element_type=\"widget\" data-settings=\"{&quot;_animation&quot;:&quot;fadeInLeft&quot;}\" data-widget_type=\"heading.default\">\n\t\t\t\t<div class=\"elementor-widget-container\">\n\t\t\t\t\t<h2 class=\"elementor-heading-title elementor-size-default\">\u0424\u0438\u0440\u043c\u0435\u043d\u043d\u044b\u0439 \u0441\u0442\u0438\u043b\u044c<\/h2>\t\t\t\t<\/div>\n\t\t\t\t<\/div>\n\t\t\t\t<div class=\"elementor-element elementor-element-c66006e elementor-widget__width-initial elementor-widget-mobile__width-inherit elementor-invisible elementor-widget elementor-widget-text-editor\" data-id=\"c66006e\" data-element_type=\"widget\" data-settings=\"{&quot;_animation&quot;:&quot;fadeInRight&quot;}\" data-widget_type=\"text-editor.default\">\n\t\t\t\t<div class=\"elementor-widget-container\">\n\t\t\t\t\t\t\t\t\t<p>\u0412 \u044d\u0442\u043e\u043c \u0440\u0443\u043a\u043e\u0432\u043e\u0434\u0441\u0442\u0432\u0435 \u043f\u0440\u0435\u0434\u0441\u0442\u0430\u0432\u043b\u0435\u043d\u0430 \u043f\u043e\u0434\u0440\u043e\u0431\u043d\u0430\u044f \u0438\u043d\u0444\u043e\u0440\u043c\u0430\u0446\u0438\u044f \u043e \u043f\u0440\u0430\u0432\u0438\u043b\u044c\u043d\u043e\u043c \u0438\u0441\u043f\u043e\u043b\u044c\u0437\u043e\u0432\u0430\u043d\u0438\u0438 \u0438 \u043f\u0440\u0438\u043c\u0435\u043d\u0435\u043d\u0438\u0438 \u043b\u043e\u0433\u043e\u0442\u0438\u043f\u0430 Goldtag. \u041e\u043d\u043e \u0432\u043a\u043b\u044e\u0447\u0430\u0435\u0442 \u0438\u043d\u0441\u0442\u0440\u0443\u043a\u0446\u0438\u0438 \u043f\u043e \u0440\u0430\u0437\u043c\u0435\u0440\u0430\u043c \u043b\u043e\u0433\u043e\u0442\u0438\u043f\u0430, \u0446\u0432\u0435\u0442\u0430\u043c, \u043e\u0431\u043b\u0430\u0441\u0442\u044f\u043c \u0438\u0441\u043f\u043e\u043b\u044c\u0437\u043e\u0432\u0430\u043d\u0438\u044f \u0438 \u0440\u0430\u0437\u043b\u0438\u0447\u043d\u044b\u043c \u0444\u043e\u0440\u043c\u0430\u0442\u0430\u043c. \u041a\u0440\u043e\u043c\u0435 \u0442\u043e\u0433\u043e, \u0432 \u043d\u0435\u043c \u0434\u0430\u043d\u044b \u0440\u0435\u043a\u043e\u043c\u0435\u043d\u0434\u0430\u0446\u0438\u0438 \u0438 \u043f\u0440\u0438\u043c\u0435\u0440\u044b \u0434\u043b\u044f \u043e\u0431\u0435\u0441\u043f\u0435\u0447\u0435\u043d\u0438\u044f \u0433\u0430\u0440\u043c\u043e\u043d\u0438\u0447\u043d\u043e\u0433\u043e \u0441\u043e\u0447\u0435\u0442\u0430\u043d\u0438\u044f \u043b\u043e\u0433\u043e\u0442\u0438\u043f\u0430 \u0441 \u0434\u0440\u0443\u0433\u0438\u043c\u0438 \u044d\u043b\u0435\u043c\u0435\u043d\u0442\u0430\u043c\u0438 \u0434\u0438\u0437\u0430\u0439\u043d\u0430.<\/p><p>\u041c\u044b \u043f\u043e\u0441\u0442\u043e\u044f\u043d\u043d\u043e \u0440\u0430\u0431\u043e\u0442\u0430\u0435\u043c \u043d\u0430\u0434 \u0440\u0430\u0437\u0432\u0438\u0442\u0438\u0435\u043c \u043d\u0430\u0448\u0435\u0433\u043e \u0431\u0440\u0435\u043d\u0434\u0430 \u0438 \u043f\u0440\u0435\u0434\u043e\u0441\u0442\u0430\u0432\u043b\u0435\u043d\u0438\u0435\u043c \u043d\u0430\u0438\u043b\u0443\u0447\u0448\u0435\u0433\u043e \u0441\u0435\u0440\u0432\u0438\u0441\u0430 \u043a\u043b\u0438\u0435\u043d\u0442\u0430\u043c. \u0418\u0441\u043f\u043e\u043b\u044c\u0437\u0443\u044f \u044d\u0442\u043e \u0440\u0443\u043a\u043e\u0432\u043e\u0434\u0441\u0442\u0432\u043e \u043f\u043e \u0431\u0440\u0435\u043d\u0434\u0443 \u0438 \u043a\u043e\u0440\u043f\u043e\u0440\u0430\u0442\u0438\u0432\u043d\u043e\u043c\u0443 \u0441\u0442\u0438\u043b\u044e, \u0432\u044b \u0441\u043c\u043e\u0436\u0435\u0442\u0435 \u0441\u043e\u0437\u0434\u0430\u0432\u0430\u0442\u044c \u043c\u0430\u0442\u0435\u0440\u0438\u0430\u043b\u044b, \u043a\u043e\u0442\u043e\u0440\u044b\u0435 \u043d\u0430\u0438\u043b\u0443\u0447\u0448\u0438\u043c \u043e\u0431\u0440\u0430\u0437\u043e\u043c \u043e\u0442\u0440\u0430\u0436\u0430\u044e\u0442 \u0446\u0435\u043d\u043d\u043e\u0441\u0442\u0438 Goldtag \u0438 \u043f\u043e\u0434\u0447\u0435\u0440\u043a\u0438\u0432\u0430\u044e\u0442 \u0441\u0438\u043b\u0443 \u043d\u0430\u0448\u0435\u0433\u043e \u0431\u0440\u0435\u043d\u0434\u0430<\/p>\t\t\t\t\t\t\t\t<\/div>\n\t\t\t\t<\/div>\n\t\t\t\t<\/div>\n\t\t\t\t\t<\/div>\n\t\t\t\t<\/div>\n\t\t<div class=\"elementor-element elementor-element-740a410 e-flex e-con-boxed e-con e-parent\" data-id=\"740a410\" data-element_type=\"container\" data-settings=\"{&quot;background_background&quot;:&quot;gradient&quot;}\">\n\t\t\t\t\t<div class=\"e-con-inner\">\n\t\t<div class=\"elementor-element elementor-element-631ef66 e-con-full e-flex e-con e-child\" data-id=\"631ef66\" data-element_type=\"container\">\n\t\t\t\t<div class=\"elementor-element elementor-element-738d462 elementor-invisible elementor-widget elementor-widget-heading\" data-id=\"738d462\" data-element_type=\"widget\" data-settings=\"{&quot;_animation&quot;:&quot;fadeInLeft&quot;}\" data-widget_type=\"heading.default\">\n\t\t\t\t<div class=\"elementor-widget-container\">\n\t\t\t\t\t<h2 class=\"elementor-heading-title elementor-size-default\">\u0418\u0441\u043f\u043e\u043b\u044c\u0437\u043e\u0432\u0430\u043d\u0438\u0435 \u043b\u043e\u0433\u043e\u0442\u0438\u043f\u0430<\/h2>\t\t\t\t<\/div>\n\t\t\t\t<\/div>\n\t\t\t\t<div class=\"elementor-element elementor-element-059db2a elementor-widget__width-initial elementor-widget-mobile__width-inherit elementor-invisible elementor-widget elementor-widget-text-editor\" data-id=\"059db2a\" data-element_type=\"widget\" data-settings=\"{&quot;_animation&quot;:&quot;fadeInRight&quot;}\" data-widget_type=\"text-editor.default\">\n\t\t\t\t<div class=\"elementor-widget-container\">\n\t\t\t\t\t\t\t\t\t<p>\u041f\u0440\u0430\u0432\u0438\u043b\u044c\u043d\u043e\u0435 \u0438\u0441\u043f\u043e\u043b\u044c\u0437\u043e\u0432\u0430\u043d\u0438\u0435 \u043b\u043e\u0433\u043e\u0442\u0438\u043f\u0430 Goldtag \u043f\u043e\u0434\u0440\u0430\u0437\u0443\u043c\u0435\u0432\u0430\u0435\u0442 \u0441\u043e\u0445\u0440\u0430\u043d\u0435\u043d\u0438\u0435 \u043f\u0440\u043e\u043f\u043e\u0440\u0446\u0438\u0439 \u0440\u0430\u0437\u043c\u0435\u0440\u043e\u0432, \u043d\u0435\u0438\u0437\u043c\u0435\u043d\u043d\u043e\u0441\u0442\u044c \u0446\u0432\u0435\u0442\u043e\u0432\u043e\u0439 \u0433\u0430\u043c\u043c\u044b, \u0437\u0430\u043f\u0440\u0435\u0442 \u043d\u0430 \u0434\u043e\u0431\u0430\u0432\u043b\u0435\u043d\u0438\u0435 \u044d\u0444\u0444\u0435\u043a\u0442\u043e\u0432 \u0438 \u043c\u043e\u0434\u0438\u0444\u0438\u043a\u0430\u0446\u0438\u0439, \u0430 \u0442\u0430\u043a\u0436\u0435 \u043a\u043e\u0440\u0440\u0435\u043a\u0442\u043d\u043e\u0435 \u0438\u0441\u043f\u043e\u043b\u044c\u0437\u043e\u0432\u0430\u043d\u0438\u0435 \u0440\u0430\u0437\u043b\u0438\u0447\u043d\u044b\u0445 \u0444\u043e\u0440\u043c\u0430\u0442\u043e\u0432 \u0432 \u0441\u043e\u043e\u0442\u0432\u0435\u0442\u0441\u0442\u0432\u0443\u044e\u0449\u0438\u0445 \u0441\u043b\u0443\u0447\u0430\u044f\u0445.<\/p>\t\t\t\t\t\t\t\t<\/div>\n\t\t\t\t<\/div>\n\t\t<div class=\"elementor-element elementor-element-fc5df2a e-con-full e-flex e-con e-child\" data-id=\"fc5df2a\" data-element_type=\"container\">\n\t\t<div class=\"elementor-element elementor-element-535e393 e-con-full gold-gradient e-flex e-con e-child\" data-id=\"535e393\" data-element_type=\"container\">\n\t\t\t\t<div class=\"elementor-element elementor-element-3827d49 elementor-widget elementor-widget-image\" data-id=\"3827d49\" data-element_type=\"widget\" data-widget_type=\"image.default\">\n\t\t\t\t<div class=\"elementor-widget-container\">\n\t\t\t\t\t\t\t\t\t\t\t\t\t\t\t<img decoding=\"async\" width=\"321\" height=\"83\" src=\"https:\/\/goldtagapp.com\/wp-content\/uploads\/2024\/12\/goldtag-gatevay-icon-1.png\" class=\"attachment-large size-large wp-image-643\" alt=\"\" \/>\t\t\t\t\t\t\t\t\t\t\t\t\t\t\t<\/div>\n\t\t\t\t<\/div>\n\t\t<div class=\"elementor-element elementor-element-b2350a5 e-con-full e-flex e-con e-child\" data-id=\"b2350a5\" data-element_type=\"container\">\n\t\t<div class=\"elementor-element elementor-element-4585ff9 e-con-full e-flex e-con e-child\" data-id=\"4585ff9\" data-element_type=\"container\">\n\t\t\t\t<div class=\"elementor-element elementor-element-f002130 elementor-widget elementor-widget-heading\" data-id=\"f002130\" data-element_type=\"widget\" data-widget_type=\"heading.default\">\n\t\t\t\t<div class=\"elementor-widget-container\">\n\t\t\t\t\t<h2 class=\"elementor-heading-title elementor-size-default\">Siyah Zeminde Kullan\u0131m<\/h2>\t\t\t\t<\/div>\n\t\t\t\t<\/div>\n\t\t\t\t<div class=\"elementor-element elementor-element-0e2ecb9 elementor-widget elementor-widget-heading\" data-id=\"0e2ecb9\" data-element_type=\"widget\" data-widget_type=\"heading.default\">\n\t\t\t\t<div class=\"elementor-widget-container\">\n\t\t\t\t\t<h2 class=\"elementor-heading-title elementor-size-default\">Fomat : .SVG, .PNG<\/h2>\t\t\t\t<\/div>\n\t\t\t\t<\/div>\n\t\t\t\t<\/div>\n\t\t<div class=\"elementor-element elementor-element-12decf4 e-con-full e-flex e-con e-child\" data-id=\"12decf4\" data-element_type=\"container\">\n\t\t\t\t<div class=\"elementor-element elementor-element-4c8e416 elementor-view-stacked elementor-shape-circle elementor-widget elementor-widget-icon\" data-id=\"4c8e416\" data-element_type=\"widget\" data-widget_type=\"icon.default\">\n\t\t\t\t<div class=\"elementor-widget-container\">\n\t\t\t\t\t\t\t<div class=\"elementor-icon-wrapper\">\n\t\t\t<a class=\"elementor-icon\" href=\"https:\/\/goldtagapp.com\/wp-content\/uploads\/2025\/02\/Goldtag_Logo_DarkSurface.zip\">\n\t\t\t<svg aria-hidden=\"true\" class=\"e-font-icon-svg e-fas-download\" viewbox=\"0 0 512 512\" xmlns=\"http:\/\/www.w3.org\/2000\/svg\"><path d=\"M216 0h80c13.3 0 24 10.7 24 24v168h87.7c17.8 0 26.7 21.5 14.1 34.1L269.7 378.3c-7.5 7.5-19.8 7.5-27.3 0L90.1 226.1c-12.6-12.6-3.7-34.1 14.1-34.1H192V24c0-13.3 10.7-24 24-24zm296 376v112c0 13.3-10.7 24-24 24H24c-13.3 0-24-10.7-24-24V376c0-13.3 10.7-24 24-24h146.7l49 49c20.1 20.1 52.5 20.1 72.6 0l49-49H488c13.3 0 24 10.7 24 24zm-124 88c0-11-9-20-20-20s-20 9-20 20 9 20 20 20 20-9 20-20zm64 0c0-11-9-20-20-20s-20 9-20 20 9 20 20 20 20-9 20-20z\"><\/path><\/svg>\t\t\t<\/a>\n\t\t<\/div>\n\t\t\t\t\t\t<\/div>\n\t\t\t\t<\/div>\n\t\t\t\t<\/div>\n\t\t\t\t<\/div>\n\t\t\t\t<\/div>\n\t\t<div class=\"elementor-element elementor-element-e9175fb e-con-full gold-gradient e-flex e-con e-child\" data-id=\"e9175fb\" data-element_type=\"container\">\n\t\t\t\t<div class=\"elementor-element elementor-element-5f3ab87 elementor-widget elementor-widget-image\" data-id=\"5f3ab87\" data-element_type=\"widget\" data-widget_type=\"image.default\">\n\t\t\t\t<div class=\"elementor-widget-container\">\n\t\t\t\t\t\t\t\t\t\t\t\t\t\t\t<img decoding=\"async\" width=\"321\" height=\"84\" src=\"https:\/\/goldtagapp.com\/wp-content\/uploads\/2024\/12\/LOGO-H.png\" class=\"attachment-large size-large wp-image-644\" alt=\"\" \/>\t\t\t\t\t\t\t\t\t\t\t\t\t\t\t<\/div>\n\t\t\t\t<\/div>\n\t\t<div class=\"elementor-element elementor-element-e8b070f e-con-full e-flex e-con e-child\" data-id=\"e8b070f\" data-element_type=\"container\">\n\t\t<div class=\"elementor-element elementor-element-3988008 e-con-full e-flex e-con e-child\" data-id=\"3988008\" data-element_type=\"container\">\n\t\t\t\t<div class=\"elementor-element elementor-element-cad1559 elementor-widget elementor-widget-heading\" data-id=\"cad1559\" data-element_type=\"widget\" data-widget_type=\"heading.default\">\n\t\t\t\t<div class=\"elementor-widget-container\">\n\t\t\t\t\t<h2 class=\"elementor-heading-title elementor-size-default\">Siyah Zeminde Kullan\u0131m<\/h2>\t\t\t\t<\/div>\n\t\t\t\t<\/div>\n\t\t\t\t<div class=\"elementor-element elementor-element-cdd71cf elementor-widget elementor-widget-heading\" data-id=\"cdd71cf\" data-element_type=\"widget\" data-widget_type=\"heading.default\">\n\t\t\t\t<div class=\"elementor-widget-container\">\n\t\t\t\t\t<h2 class=\"elementor-heading-title elementor-size-default\">Fomat : .SVG, .PNG<\/h2>\t\t\t\t<\/div>\n\t\t\t\t<\/div>\n\t\t\t\t<\/div>\n\t\t<div class=\"elementor-element elementor-element-d7aabc9 e-con-full e-flex e-con e-child\" data-id=\"d7aabc9\" data-element_type=\"container\">\n\t\t\t\t<div class=\"elementor-element elementor-element-8b8c248 elementor-view-stacked elementor-shape-circle elementor-widget elementor-widget-icon\" data-id=\"8b8c248\" data-element_type=\"widget\" data-widget_type=\"icon.default\">\n\t\t\t\t<div class=\"elementor-widget-container\">\n\t\t\t\t\t\t\t<div class=\"elementor-icon-wrapper\">\n\t\t\t<a class=\"elementor-icon\" href=\"https:\/\/goldtagapp.com\/wp-content\/uploads\/2025\/02\/Goldtag_Logo_LightSurface.zip\">\n\t\t\t<svg aria-hidden=\"true\" class=\"e-font-icon-svg e-fas-download\" viewbox=\"0 0 512 512\" xmlns=\"http:\/\/www.w3.org\/2000\/svg\"><path d=\"M216 0h80c13.3 0 24 10.7 24 24v168h87.7c17.8 0 26.7 21.5 14.1 34.1L269.7 378.3c-7.5 7.5-19.8 7.5-27.3 0L90.1 226.1c-12.6-12.6-3.7-34.1 14.1-34.1H192V24c0-13.3 10.7-24 24-24zm296 376v112c0 13.3-10.7 24-24 24H24c-13.3 0-24-10.7-24-24V376c0-13.3 10.7-24 24-24h146.7l49 49c20.1 20.1 52.5 20.1 72.6 0l49-49H488c13.3 0 24 10.7 24 24zm-124 88c0-11-9-20-20-20s-20 9-20 20 9 20 20 20 20-9 20-20zm64 0c0-11-9-20-20-20s-20 9-20 20 9 20 20 20 20-9 20-20z\"><\/path><\/svg>\t\t\t<\/a>\n\t\t<\/div>\n\t\t\t\t\t\t<\/div>\n\t\t\t\t<\/div>\n\t\t\t\t<\/div>\n\t\t\t\t<\/div>\n\t\t\t\t<\/div>\n\t\t\t\t<\/div>\n\t\t\t\t<\/div>\n\t\t\t\t\t<\/div>\n\t\t\t\t<\/div>\n\t\t\t\t<\/div>","protected":false},"excerpt":{"rendered":"<p>Marka Kimli\u011fi Bu k\u0131lavuzda, Goldtag logosunun do\u011fru kullan\u0131m\u0131 ve uygulamalar\u0131 hakk\u0131nda detayl\u0131 bilgiler bulunmaktad\u0131r. Logonun boyutlar\u0131, renkleri, kullan\u0131m alanlar\u0131 ve \u00e7e\u015fitli formatlardaki versiyonlar\u0131 hakk\u0131nda ayr\u0131nt\u0131l\u0131 talimatlar sunulmaktad\u0131r. Ayr\u0131ca, logonun di\u011fer tasar\u0131m unsurlar\u0131yla uyumlu \u015fekilde kullan\u0131lmas\u0131 i\u00e7in y\u00f6nergeler ve \u00f6rnekler de yer almaktad\u0131r. Markam\u0131z\u0131 daha da b\u00fcy\u00fctmek ve m\u00fc\u015fterilerimize en iyi hizmeti sunmak i\u00e7in s\u00fcrekli olarak [&hellip;]<\/p>","protected":false},"author":1,"featured_media":0,"parent":0,"menu_order":0,"comment_status":"closed","ping_status":"closed","template":"elementor_header_footer","meta":{"om_disable_all_campaigns":false,"footnotes":""},"class_list":["post-634","page","type-page","status-publish","hentry"],"yoast_head":"<!-- This site is optimized with the Yoast SEO plugin v25.6 - https:\/\/yoast.com\/wordpress\/plugins\/seo\/ -->\n<title>Goldtag Marka Kimli\u011fi | Logo, Renk Paleti ve Kullan\u0131m K\u0131lavuzu<\/title>\n<meta name=\"description\" content=\"Goldtag\u2019in marka kimli\u011fine dair t\u00fcm detaylara bu sayfadan ula\u015f\u0131n. Logo kullan\u0131m\u0131, renk kodlar\u0131 ve tipografi kurallar\u0131n\u0131 inceleyin.\" \/>\n<meta name=\"robots\" content=\"index, follow, max-snippet:-1, max-image-preview:large, max-video-preview:-1\" \/>\n<link rel=\"canonical\" href=\"https:\/\/goldtagapp.com\/ru\/\u0438\u0434\u0435\u043d\u0442\u0438\u0447\u043d\u043e\u0441\u0442\u044c-\u0431\u0440\u0435\u043d\u0434\u0430\/\" \/>\n<meta property=\"og:locale\" content=\"ru_RU\" \/>\n<meta property=\"og:type\" content=\"article\" \/>\n<meta property=\"og:title\" content=\"Goldtag Marka Kimli\u011fi | Logo, Renk Paleti ve Kullan\u0131m K\u0131lavuzu\" \/>\n<meta property=\"og:description\" content=\"Goldtag\u2019in marka kimli\u011fine dair t\u00fcm detaylara bu sayfadan ula\u015f\u0131n. Logo kullan\u0131m\u0131, renk kodlar\u0131 ve tipografi kurallar\u0131n\u0131 inceleyin.\" \/>\n<meta property=\"og:url\" content=\"https:\/\/goldtagapp.com\/ru\/\u0438\u0434\u0435\u043d\u0442\u0438\u0447\u043d\u043e\u0441\u0442\u044c-\u0431\u0440\u0435\u043d\u0434\u0430\/\" \/>\n<meta property=\"og:site_name\" content=\"Goldtag App\" \/>\n<meta property=\"article:modified_time\" content=\"2025-07-29T11:56:51+00:00\" \/>\n<meta property=\"og:image\" content=\"https:\/\/goldtagapp.com\/wp-content\/uploads\/2024\/12\/goldtag-gatevay-icon-1.png\" \/>\n<meta name=\"twitter:card\" content=\"summary_large_image\" \/>\n<meta name=\"twitter:site\" content=\"@Goldtag_TR\" \/>\n<meta name=\"twitter:label1\" content=\"\u041f\u0440\u0438\u043c\u0435\u0440\u043d\u043e\u0435 \u0432\u0440\u0435\u043c\u044f \u0434\u043b\u044f \u0447\u0442\u0435\u043d\u0438\u044f\" \/>\n\t<meta name=\"twitter:data1\" content=\"2 \u043c\u0438\u043d\u0443\u0442\u044b\" \/>\n<script type=\"application\/ld+json\" class=\"yoast-schema-graph\">{\"@context\":\"https:\/\/schema.org\",\"@graph\":[{\"@type\":\"WebPage\",\"@id\":\"https:\/\/goldtagapp.com\/marka-kimligi\/\",\"url\":\"https:\/\/goldtagapp.com\/marka-kimligi\/\",\"name\":\"Goldtag Marka Kimli\u011fi | Logo, Renk Paleti ve Kullan\u0131m K\u0131lavuzu\",\"isPartOf\":{\"@id\":\"https:\/\/goldtagapp.com\/#website\"},\"primaryImageOfPage\":{\"@id\":\"https:\/\/goldtagapp.com\/marka-kimligi\/#primaryimage\"},\"image\":{\"@id\":\"https:\/\/goldtagapp.com\/marka-kimligi\/#primaryimage\"},\"thumbnailUrl\":\"https:\/\/goldtagapp.com\/wp-content\/uploads\/2024\/12\/goldtag-gatevay-icon-1.png\",\"datePublished\":\"2024-12-22T22:52:49+00:00\",\"dateModified\":\"2025-07-29T11:56:51+00:00\",\"description\":\"Goldtag\u2019in marka kimli\u011fine dair t\u00fcm detaylara bu sayfadan ula\u015f\u0131n. Logo kullan\u0131m\u0131, renk kodlar\u0131 ve tipografi kurallar\u0131n\u0131 inceleyin.\",\"breadcrumb\":{\"@id\":\"https:\/\/goldtagapp.com\/marka-kimligi\/#breadcrumb\"},\"inLanguage\":\"ru-RU\",\"potentialAction\":[{\"@type\":\"ReadAction\",\"target\":[\"https:\/\/goldtagapp.com\/marka-kimligi\/\"]}]},{\"@type\":\"ImageObject\",\"inLanguage\":\"ru-RU\",\"@id\":\"https:\/\/goldtagapp.com\/marka-kimligi\/#primaryimage\",\"url\":\"https:\/\/goldtagapp.com\/wp-content\/uploads\/2024\/12\/goldtag-gatevay-icon-1.png\",\"contentUrl\":\"https:\/\/goldtagapp.com\/wp-content\/uploads\/2024\/12\/goldtag-gatevay-icon-1.png\"},{\"@type\":\"BreadcrumbList\",\"@id\":\"https:\/\/goldtagapp.com\/marka-kimligi\/#breadcrumb\",\"itemListElement\":[{\"@type\":\"ListItem\",\"position\":1,\"name\":\"Anasayfa\",\"item\":\"https:\/\/goldtagapp.com\/\"},{\"@type\":\"ListItem\",\"position\":2,\"name\":\"Marka Kimli\u011fi\"}]},{\"@type\":\"WebSite\",\"@id\":\"https:\/\/goldtagapp.com\/#website\",\"url\":\"https:\/\/goldtagapp.com\/\",\"name\":\"Goldtag App\",\"description\":\"Birikimin Gelece\u011fi\",\"publisher\":{\"@id\":\"https:\/\/goldtagapp.com\/#organization\"},\"potentialAction\":[{\"@type\":\"SearchAction\",\"target\":{\"@type\":\"EntryPoint\",\"urlTemplate\":\"https:\/\/goldtagapp.com\/?s={search_term_string}\"},\"query-input\":{\"@type\":\"PropertyValueSpecification\",\"valueRequired\":true,\"valueName\":\"search_term_string\"}}],\"inLanguage\":\"ru-RU\"},{\"@type\":\"Organization\",\"@id\":\"https:\/\/goldtagapp.com\/#organization\",\"name\":\"Goldtag App\",\"url\":\"https:\/\/goldtagapp.com\/\",\"logo\":{\"@type\":\"ImageObject\",\"inLanguage\":\"ru-RU\",\"@id\":\"https:\/\/goldtagapp.com\/#\/schema\/logo\/image\/\",\"url\":\"https:\/\/goldtagapp.com\/wp-content\/uploads\/2025\/01\/google-icon.png\",\"contentUrl\":\"https:\/\/goldtagapp.com\/wp-content\/uploads\/2025\/01\/google-icon.png\",\"width\":512,\"height\":512,\"caption\":\"Goldtag App\"},\"image\":{\"@id\":\"https:\/\/goldtagapp.com\/#\/schema\/logo\/image\/\"},\"sameAs\":[\"https:\/\/x.com\/Goldtag_TR\",\"https:\/\/www.instagram.com\/goldtag_tr\/\",\"https:\/\/www.linkedin.com\/company\/goldtag\"]}]}<\/script>\n<!-- \/ Yoast SEO plugin. -->","yoast_head_json":{"title":"Goldtag Marka Kimli\u011fi | Logo, Renk Paleti ve Kullan\u0131m K\u0131lavuzu","description":"Goldtag\u2019in marka kimli\u011fine dair t\u00fcm detaylara bu sayfadan ula\u015f\u0131n. Logo kullan\u0131m\u0131, renk kodlar\u0131 ve tipografi kurallar\u0131n\u0131 inceleyin.","robots":{"index":"index","follow":"follow","max-snippet":"max-snippet:-1","max-image-preview":"max-image-preview:large","max-video-preview":"max-video-preview:-1"},"canonical":"https:\/\/goldtagapp.com\/ru\/\u0438\u0434\u0435\u043d\u0442\u0438\u0447\u043d\u043e\u0441\u0442\u044c-\u0431\u0440\u0435\u043d\u0434\u0430\/","og_locale":"ru_RU","og_type":"article","og_title":"Goldtag Marka Kimli\u011fi | Logo, Renk Paleti ve Kullan\u0131m K\u0131lavuzu","og_description":"Goldtag\u2019in marka kimli\u011fine dair t\u00fcm detaylara bu sayfadan ula\u015f\u0131n. Logo kullan\u0131m\u0131, renk kodlar\u0131 ve tipografi kurallar\u0131n\u0131 inceleyin.","og_url":"https:\/\/goldtagapp.com\/ru\/\u0438\u0434\u0435\u043d\u0442\u0438\u0447\u043d\u043e\u0441\u0442\u044c-\u0431\u0440\u0435\u043d\u0434\u0430\/","og_site_name":"Goldtag App","article_modified_time":"2025-07-29T11:56:51+00:00","og_image":[{"url":"https:\/\/goldtagapp.com\/wp-content\/uploads\/2024\/12\/goldtag-gatevay-icon-1.png","type":"","width":"","height":""}],"twitter_card":"summary_large_image","twitter_site":"@Goldtag_TR","twitter_misc":{"\u041f\u0440\u0438\u043c\u0435\u0440\u043d\u043e\u0435 \u0432\u0440\u0435\u043c\u044f \u0434\u043b\u044f \u0447\u0442\u0435\u043d\u0438\u044f":"2 \u043c\u0438\u043d\u0443\u0442\u044b"},"schema":{"@context":"https:\/\/schema.org","@graph":[{"@type":"WebPage","@id":"https:\/\/goldtagapp.com\/marka-kimligi\/","url":"https:\/\/goldtagapp.com\/marka-kimligi\/","name":"Goldtag Marka Kimli\u011fi | Logo, Renk Paleti ve Kullan\u0131m K\u0131lavuzu","isPartOf":{"@id":"https:\/\/goldtagapp.com\/#website"},"primaryImageOfPage":{"@id":"https:\/\/goldtagapp.com\/marka-kimligi\/#primaryimage"},"image":{"@id":"https:\/\/goldtagapp.com\/marka-kimligi\/#primaryimage"},"thumbnailUrl":"https:\/\/goldtagapp.com\/wp-content\/uploads\/2024\/12\/goldtag-gatevay-icon-1.png","datePublished":"2024-12-22T22:52:49+00:00","dateModified":"2025-07-29T11:56:51+00:00","description":"Goldtag\u2019in marka kimli\u011fine dair t\u00fcm detaylara bu sayfadan ula\u015f\u0131n. Logo kullan\u0131m\u0131, renk kodlar\u0131 ve tipografi kurallar\u0131n\u0131 inceleyin.","breadcrumb":{"@id":"https:\/\/goldtagapp.com\/marka-kimligi\/#breadcrumb"},"inLanguage":"ru-RU","potentialAction":[{"@type":"ReadAction","target":["https:\/\/goldtagapp.com\/marka-kimligi\/"]}]},{"@type":"ImageObject","inLanguage":"ru-RU","@id":"https:\/\/goldtagapp.com\/marka-kimligi\/#primaryimage","url":"https:\/\/goldtagapp.com\/wp-content\/uploads\/2024\/12\/goldtag-gatevay-icon-1.png","contentUrl":"https:\/\/goldtagapp.com\/wp-content\/uploads\/2024\/12\/goldtag-gatevay-icon-1.png"},{"@type":"BreadcrumbList","@id":"https:\/\/goldtagapp.com\/marka-kimligi\/#breadcrumb","itemListElement":[{"@type":"ListItem","position":1,"name":"Anasayfa","item":"https:\/\/goldtagapp.com\/"},{"@type":"ListItem","position":2,"name":"Marka Kimli\u011fi"}]},{"@type":"WebSite","@id":"https:\/\/goldtagapp.com\/#website","url":"https:\/\/goldtagapp.com\/","name":"Goldtag App","description":"Birikimin Gelece\u011fi","publisher":{"@id":"https:\/\/goldtagapp.com\/#organization"},"potentialAction":[{"@type":"SearchAction","target":{"@type":"EntryPoint","urlTemplate":"https:\/\/goldtagapp.com\/?s={search_term_string}"},"query-input":{"@type":"PropertyValueSpecification","valueRequired":true,"valueName":"search_term_string"}}],"inLanguage":"ru-RU"},{"@type":"Organization","@id":"https:\/\/goldtagapp.com\/#organization","name":"Goldtag App","url":"https:\/\/goldtagapp.com\/","logo":{"@type":"ImageObject","inLanguage":"ru-RU","@id":"https:\/\/goldtagapp.com\/#\/schema\/logo\/image\/","url":"https:\/\/goldtagapp.com\/wp-content\/uploads\/2025\/01\/google-icon.png","contentUrl":"https:\/\/goldtagapp.com\/wp-content\/uploads\/2025\/01\/google-icon.png","width":512,"height":512,"caption":"Goldtag App"},"image":{"@id":"https:\/\/goldtagapp.com\/#\/schema\/logo\/image\/"},"sameAs":["https:\/\/x.com\/Goldtag_TR","https:\/\/www.instagram.com\/goldtag_tr\/","https:\/\/www.linkedin.com\/company\/goldtag"]}]}},"_links":{"self":[{"href":"https:\/\/goldtagapp.com\/ru\/wp-json\/wp\/v2\/pages\/634","targetHints":{"allow":["GET"]}}],"collection":[{"href":"https:\/\/goldtagapp.com\/ru\/wp-json\/wp\/v2\/pages"}],"about":[{"href":"https:\/\/goldtagapp.com\/ru\/wp-json\/wp\/v2\/types\/page"}],"author":[{"embeddable":true,"href":"https:\/\/goldtagapp.com\/ru\/wp-json\/wp\/v2\/users\/1"}],"replies":[{"embeddable":true,"href":"https:\/\/goldtagapp.com\/ru\/wp-json\/wp\/v2\/comments?post=634"}],"version-history":[{"count":0,"href":"https:\/\/goldtagapp.com\/ru\/wp-json\/wp\/v2\/pages\/634\/revisions"}],"wp:attachment":[{"href":"https:\/\/goldtagapp.com\/ru\/wp-json\/wp\/v2\/media?parent=634"}],"curies":[{"name":"wp","href":"https:\/\/api.w.org\/{rel}","templated":true}]}}