{"id":651,"date":"2024-12-23T00:27:05","date_gmt":"2024-12-23T00:27:05","guid":{"rendered":"https:\/\/eklentimarket.net\/goldtaggateway\/?page_id=651"},"modified":"2025-07-29T11:37:09","modified_gmt":"2025-07-29T11:37:09","slug":"gizlilik-ve-cerez-politikasi","status":"publish","type":"page","link":"https:\/\/goldtagapp.com\/es\/politica-de-privacidad\/","title":{"rendered":"Goldtag Gizlilik ve \u00c7erez Politikas\u0131"},"content":{"rendered":"<div data-elementor-type=\"wp-page\" data-elementor-id=\"651\" class=\"elementor elementor-651\" data-elementor-post-type=\"page\">\n\t\t\t\t<div class=\"elementor-element elementor-element-e7dda7b e-flex e-con-boxed e-con e-parent\" data-id=\"e7dda7b\" data-element_type=\"container\" data-settings=\"{&quot;background_background&quot;:&quot;gradient&quot;}\">\n\t\t\t\t\t<div class=\"e-con-inner\">\n\t\t<div class=\"elementor-element elementor-element-8050260 e-con-full e-flex e-con e-child\" data-id=\"8050260\" data-element_type=\"container\">\n\t\t\t\t<div class=\"elementor-element elementor-element-c004a0f elementor-invisible elementor-widget elementor-widget-heading\" data-id=\"c004a0f\" data-element_type=\"widget\" data-settings=\"{&quot;_animation&quot;:&quot;fadeIn&quot;}\" data-widget_type=\"heading.default\">\n\t\t\t\t<div class=\"elementor-widget-container\">\n\t\t\t\t\t<h2 class=\"elementor-heading-title elementor-size-default\">Pol\u00edtica de Privacidad<\/h2>\t\t\t\t<\/div>\n\t\t\t\t<\/div>\n\t\t\t\t<div class=\"elementor-element elementor-element-bb5862b elementor-widget__width-inherit elementor-widget-mobile__width-inherit elementor-invisible elementor-widget elementor-widget-text-editor\" data-id=\"bb5862b\" data-element_type=\"widget\" data-settings=\"{&quot;_animation&quot;:&quot;fadeIn&quot;}\" data-widget_type=\"text-editor.default\">\n\t\t\t\t<div class=\"elementor-widget-container\">\n\t\t\t\t\t\t\t\t\t<p>Como Fintag Software Consultancy Inc. (\u201cGoldtag\u201d), trabajamos para proteger la privacidad de los usuarios que utilizan nuestro sitio web, asegurando que puedan beneficiarse de nuestros servicios de manera segura y completa.<\/p><p>Al igual que en la mayor\u00eda de los sitios web, goldtag.org (\u201cSitio\u201d) y su aplicaci\u00f3n m\u00f3vil (denominados colectivamente como \u201cPlataforma\u201d) utilizan Cookies para mostrar contenido y anuncios personalizados a los visitantes, realizar actividades anal\u00edticas dentro del sitio y rastrear los h\u00e1bitos de uso de los visitantes.<\/p><p>Esta Pol\u00edtica de Cookies es una parte integral de la Pol\u00edtica de Privacidad e Informaci\u00f3n para Usuarios de Goldtag. Goldtag ha preparado esta Pol\u00edtica (\u201cPol\u00edtica\u201d) para explicar qu\u00e9 Cookies se utilizan en el Sitio y c\u00f3mo los usuarios pueden administrar sus preferencias al respecto. Para obtener m\u00e1s informaci\u00f3n sobre c\u00f3mo Goldtag procesa sus datos personales, le recomendamos revisar la secci\u00f3n Pol\u00edtica de Privacidad y Cookies en goldtag.org.<\/p><h4><strong>\u00bfQu\u00e9 es una Cookie?<\/strong><\/h4><p>Las cookies son peque\u00f1os archivos de texto almacenados en su dispositivo o en un servidor de red a trav\u00e9s de los navegadores de los sitios web que visita. Son creadas por los servidores asociados con el sitio web que visita, lo que permite al servidor reconocer al visitante cuando regresa al mismo sitio.<\/p><p>Las cookies no contienen datos personales como nombre, g\u00e9nero o direcci\u00f3n. Para obtener m\u00e1s informaci\u00f3n sobre las cookies, puede visitar www.aboutcookies.org y www.allaboutcookies.org.<\/p><h4><strong>\u00bfQu\u00e9 Cookies Se Utilizan?<\/strong><\/h4><p>Las cookies se pueden clasificar seg\u00fan su propietario, duraci\u00f3n y prop\u00f3sito de uso:<\/p><p>Por la parte que coloca la cookie: La plataforma utiliza cookies propias (establecidas por Goldtag) y cookies de terceros (gestionadas por empresas asociadas con Goldtag).<\/p><p>Por prop\u00f3sito de uso: La plataforma utiliza cookies t\u00e9cnicas, cookies de autenticaci\u00f3n, cookies de publicidad\/segmentaci\u00f3n, cookies de personalizaci\u00f3n y cookies anal\u00edticas.<\/p><p>Seg\u00fan su prop\u00f3sito de uso:\n\nEn la Plataforma, se utilizan los siguientes tipos de cookies: cookies t\u00e9cnicas, cookies de autenticaci\u00f3n, cookies de publicidad\/segmentaci\u00f3n, cookies de personalizaci\u00f3n y cookies anal\u00edticas.<\/p><h4><strong>\u00bfPor qu\u00e9 se utilizan cookies?<\/strong><\/h4><p>Las cookies se utilizan en la Plataforma con los siguientes prop\u00f3sitos:<\/p><p>Realizar funciones esenciales para el funcionamiento de la Plataforma:\n\n    Por ejemplo, evitar que los miembros de Goldtag tengan que volver a iniciar sesi\u00f3n mientras crean un evento en sus cuentas.\n    Asegurar que los usuarios que han iniciado sesi\u00f3n no tengan que volver a introducir su contrase\u00f1a al navegar entre diferentes p\u00e1ginas en la Plataforma.<\/p><p>Analizar y mejorar el rendimiento de la Plataforma:\n\n    Por ejemplo, integrar diferentes servidores en los que opera la Plataforma.\n    Identificar el n\u00famero de visitantes de la Plataforma y ajustar su rendimiento en consecuencia.\n    Facilitar que los visitantes encuentren lo que buscan m\u00e1s r\u00e1pidamente.<\/p><p>Mejorar la funcionalidad y la facilidad de uso de la Plataforma:\n\n    Por ejemplo, permitir compartir contenido en plataformas de redes sociales de terceros a trav\u00e9s de la Plataforma.\n    Recordar el nombre de usuario o las consultas de b\u00fasqueda del visitante para su pr\u00f3xima visita.<\/p><h4><strong>\u00bfC\u00f3mo Puede Administrar Sus Preferencias de Cookies?<\/strong><\/h4><p>Goldtag valora enormemente la capacidad de los usuarios para controlar sus preferencias de datos personales. Sin embargo, no es posible administrar las preferencias de algunas cookies necesarias para el funcionamiento del sitio y la aplicaci\u00f3n. Adem\u00e1s, le recordamos que la desactivaci\u00f3n de ciertas cookies puede afectar el funcionamiento de algunas funciones del sitio web.<\/p><p><strong>Las formas de administrar las preferencias de cookies en la plataforma son las siguientes:<\/strong><\/p><p>Los visitantes pueden personalizar sus preferencias de cookies cambiando la configuraci\u00f3n del navegador a trav\u00e9s del cual acceden a la Plataforma. Si el navegador en uso ofrece esta opci\u00f3n, es posible modificar las preferencias de cookies desde su configuraci\u00f3n.\n\nDependiendo de las capacidades del navegador, los titulares de los datos pueden:\n\n    Bloquear el uso de cookies\n    Recibir una advertencia antes de que se utilicen cookies\n    Deshabilitar o eliminar solo ciertas cookies\n\nEstas preferencias var\u00edan seg\u00fan el navegador utilizado, pero se puede acceder a una gu\u00eda general aqu\u00ed. Adem\u00e1s, puede ser necesario configurar las preferencias de cookies por separado para cada dispositivo utilizado para acceder a la Plataforma.<\/p><p><strong>Haga clic aqu\u00ed para desactivar las cookies administradas por Google Analytics.<\/strong><\/p><p><strong>Haga clic aqu\u00ed para administrar la experiencia de anuncios personalizados proporcionada por Google.<\/strong><\/p><p>Las preferencias de cookies utilizadas para actividades publicitarias de varias empresas pueden administrarse a trav\u00e9s de Your Online Choices.<\/p><p>Para administrar cookies en dispositivos m\u00f3viles, puede usar el men\u00fa de configuraci\u00f3n de su dispositivo m\u00f3vil.<\/p>\t\t\t\t\t\t\t\t<\/div>\n\t\t\t\t<\/div>\n\t\t\t\t<\/div>\n\t\t\t\t\t<\/div>\n\t\t\t\t<\/div>\n\t\t\t\t<\/div>","protected":false},"excerpt":{"rendered":"<p>Gizlilik ve \u00c7erez Politikas\u0131 Fintag Yaz\u0131l\u0131m Dan\u0131\u015fmanl\u0131k A.\u015e.(\u201cGoldtag\u201d) olarak, kullan\u0131c\u0131lar\u0131m\u0131z\u0131n hizmetlerimizden g\u00fcvenli ve eksiksiz \u015fekilde faydalanmalar\u0131n\u0131 sa\u011flamak amac\u0131yla sitemizi kullanan ki\u015filerin gizlili\u011fini korumak i\u00e7in \u00e7al\u0131\u015f\u0131yoruz. \u00c7o\u011fu web sitesinde oldu\u011fu gibi, goldtag.org (\u201cSite\u201d) ile mobil uygulaman\u0131n (hepsi birlikte \u201cPlatform\u201d olarak an\u0131lacakt\u0131r) ziyaret\u00e7ilere ki\u015fisel i\u00e7erik ve reklamlar g\u00f6stermek, site i\u00e7inde analitik faaliyetler ger\u00e7ekle\u015ftirmek ve ziyaret\u00e7i kullan\u0131m al\u0131\u015fkanl\u0131klar\u0131n\u0131 [&hellip;]<\/p>","protected":false},"author":1,"featured_media":0,"parent":0,"menu_order":0,"comment_status":"closed","ping_status":"closed","template":"elementor_header_footer","meta":{"om_disable_all_campaigns":false,"footnotes":""},"class_list":["post-651","page","type-page","status-publish","hentry"],"yoast_head":"<!-- This site is optimized with the Yoast SEO plugin v25.6 - https:\/\/yoast.com\/wordpress\/plugins\/seo\/ -->\n<title>Gizlilik Politikas\u0131 ve \u00c7erez Kullan\u0131m\u0131 | Goldtag App<\/title>\n<meta name=\"description\" content=\"Goldtag, ki\u015fisel verilerinizi KVKK\u2019ya uygun olarak korur. Gizlilik politikam\u0131z\u0131 ve \u00e7erez kullan\u0131m ilkelerimizi bu sayfada inceleyebilirsiniz.\" \/>\n<meta name=\"robots\" content=\"index, follow, max-snippet:-1, max-image-preview:large, max-video-preview:-1\" \/>\n<link rel=\"canonical\" href=\"https:\/\/goldtagapp.com\/es\/politica-de-privacidad\/\" \/>\n<meta property=\"og:locale\" content=\"es_ES\" \/>\n<meta property=\"og:type\" content=\"article\" \/>\n<meta property=\"og:title\" content=\"Gizlilik Politikas\u0131 ve \u00c7erez Kullan\u0131m\u0131 | Goldtag App\" \/>\n<meta property=\"og:description\" content=\"Goldtag, ki\u015fisel verilerinizi KVKK\u2019ya uygun olarak korur. Gizlilik politikam\u0131z\u0131 ve \u00e7erez kullan\u0131m ilkelerimizi bu sayfada inceleyebilirsiniz.\" \/>\n<meta property=\"og:url\" content=\"https:\/\/goldtagapp.com\/es\/politica-de-privacidad\/\" \/>\n<meta property=\"og:site_name\" content=\"Goldtag App\" \/>\n<meta property=\"article:modified_time\" content=\"2025-07-29T11:37:09+00:00\" \/>\n<meta name=\"twitter:card\" content=\"summary_large_image\" \/>\n<meta name=\"twitter:site\" content=\"@Goldtag_TR\" \/>\n<meta name=\"twitter:label1\" content=\"Tiempo de lectura\" \/>\n\t<meta name=\"twitter:data1\" content=\"4 minutos\" \/>\n<script type=\"application\/ld+json\" class=\"yoast-schema-graph\">{\"@context\":\"https:\/\/schema.org\",\"@graph\":[{\"@type\":\"WebPage\",\"@id\":\"https:\/\/goldtagapp.com\/gizlilik-ve-cerez-politikasi\/\",\"url\":\"https:\/\/goldtagapp.com\/gizlilik-ve-cerez-politikasi\/\",\"name\":\"Gizlilik Politikas\u0131 ve \u00c7erez Kullan\u0131m\u0131 | Goldtag App\",\"isPartOf\":{\"@id\":\"https:\/\/goldtagapp.com\/#website\"},\"datePublished\":\"2024-12-23T00:27:05+00:00\",\"dateModified\":\"2025-07-29T11:37:09+00:00\",\"description\":\"Goldtag, ki\u015fisel verilerinizi KVKK\u2019ya uygun olarak korur. Gizlilik politikam\u0131z\u0131 ve \u00e7erez kullan\u0131m ilkelerimizi bu sayfada inceleyebilirsiniz.\",\"breadcrumb\":{\"@id\":\"https:\/\/goldtagapp.com\/gizlilik-ve-cerez-politikasi\/#breadcrumb\"},\"inLanguage\":\"es\",\"potentialAction\":[{\"@type\":\"ReadAction\",\"target\":[\"https:\/\/goldtagapp.com\/gizlilik-ve-cerez-politikasi\/\"]}]},{\"@type\":\"BreadcrumbList\",\"@id\":\"https:\/\/goldtagapp.com\/gizlilik-ve-cerez-politikasi\/#breadcrumb\",\"itemListElement\":[{\"@type\":\"ListItem\",\"position\":1,\"name\":\"Home\",\"item\":\"https:\/\/goldtagapp.com\/\"},{\"@type\":\"ListItem\",\"position\":2,\"name\":\"Goldtag Gizlilik ve \u00c7erez Politikas\u0131\"}]},{\"@type\":\"WebSite\",\"@id\":\"https:\/\/goldtagapp.com\/#website\",\"url\":\"https:\/\/goldtagapp.com\/\",\"name\":\"Goldtag App\",\"description\":\"Birikimin Gelece\u011fi\",\"publisher\":{\"@id\":\"https:\/\/goldtagapp.com\/#organization\"},\"potentialAction\":[{\"@type\":\"SearchAction\",\"target\":{\"@type\":\"EntryPoint\",\"urlTemplate\":\"https:\/\/goldtagapp.com\/?s={search_term_string}\"},\"query-input\":{\"@type\":\"PropertyValueSpecification\",\"valueRequired\":true,\"valueName\":\"search_term_string\"}}],\"inLanguage\":\"es\"},{\"@type\":\"Organization\",\"@id\":\"https:\/\/goldtagapp.com\/#organization\",\"name\":\"Goldtag App\",\"url\":\"https:\/\/goldtagapp.com\/\",\"logo\":{\"@type\":\"ImageObject\",\"inLanguage\":\"es\",\"@id\":\"https:\/\/goldtagapp.com\/#\/schema\/logo\/image\/\",\"url\":\"https:\/\/goldtagapp.com\/wp-content\/uploads\/2025\/01\/google-icon.png\",\"contentUrl\":\"https:\/\/goldtagapp.com\/wp-content\/uploads\/2025\/01\/google-icon.png\",\"width\":512,\"height\":512,\"caption\":\"Goldtag App\"},\"image\":{\"@id\":\"https:\/\/goldtagapp.com\/#\/schema\/logo\/image\/\"},\"sameAs\":[\"https:\/\/x.com\/Goldtag_TR\",\"https:\/\/www.instagram.com\/goldtag_tr\/\"]}]}<\/script>\n<!-- \/ Yoast SEO plugin. -->","yoast_head_json":{"title":"Gizlilik Politikas\u0131 ve \u00c7erez Kullan\u0131m\u0131 | Goldtag App","description":"Goldtag, ki\u015fisel verilerinizi KVKK\u2019ya uygun olarak korur. Gizlilik politikam\u0131z\u0131 ve \u00e7erez kullan\u0131m ilkelerimizi bu sayfada inceleyebilirsiniz.","robots":{"index":"index","follow":"follow","max-snippet":"max-snippet:-1","max-image-preview":"max-image-preview:large","max-video-preview":"max-video-preview:-1"},"canonical":"https:\/\/goldtagapp.com\/es\/politica-de-privacidad\/","og_locale":"es_ES","og_type":"article","og_title":"Gizlilik Politikas\u0131 ve \u00c7erez Kullan\u0131m\u0131 | Goldtag App","og_description":"Goldtag, ki\u015fisel verilerinizi KVKK\u2019ya uygun olarak korur. Gizlilik politikam\u0131z\u0131 ve \u00e7erez kullan\u0131m ilkelerimizi bu sayfada inceleyebilirsiniz.","og_url":"https:\/\/goldtagapp.com\/es\/politica-de-privacidad\/","og_site_name":"Goldtag App","article_modified_time":"2025-07-29T11:37:09+00:00","twitter_card":"summary_large_image","twitter_site":"@Goldtag_TR","twitter_misc":{"Tiempo de lectura":"4 minutos"},"schema":{"@context":"https:\/\/schema.org","@graph":[{"@type":"WebPage","@id":"https:\/\/goldtagapp.com\/gizlilik-ve-cerez-politikasi\/","url":"https:\/\/goldtagapp.com\/gizlilik-ve-cerez-politikasi\/","name":"Gizlilik Politikas\u0131 ve \u00c7erez Kullan\u0131m\u0131 | Goldtag App","isPartOf":{"@id":"https:\/\/goldtagapp.com\/#website"},"datePublished":"2024-12-23T00:27:05+00:00","dateModified":"2025-07-29T11:37:09+00:00","description":"Goldtag, ki\u015fisel verilerinizi KVKK\u2019ya uygun olarak korur. Gizlilik politikam\u0131z\u0131 ve \u00e7erez kullan\u0131m ilkelerimizi bu sayfada inceleyebilirsiniz.","breadcrumb":{"@id":"https:\/\/goldtagapp.com\/gizlilik-ve-cerez-politikasi\/#breadcrumb"},"inLanguage":"es","potentialAction":[{"@type":"ReadAction","target":["https:\/\/goldtagapp.com\/gizlilik-ve-cerez-politikasi\/"]}]},{"@type":"BreadcrumbList","@id":"https:\/\/goldtagapp.com\/gizlilik-ve-cerez-politikasi\/#breadcrumb","itemListElement":[{"@type":"ListItem","position":1,"name":"Home","item":"https:\/\/goldtagapp.com\/"},{"@type":"ListItem","position":2,"name":"Goldtag Gizlilik ve \u00c7erez Politikas\u0131"}]},{"@type":"WebSite","@id":"https:\/\/goldtagapp.com\/#website","url":"https:\/\/goldtagapp.com\/","name":"Goldtag App","description":"Birikimin Gelece\u011fi","publisher":{"@id":"https:\/\/goldtagapp.com\/#organization"},"potentialAction":[{"@type":"SearchAction","target":{"@type":"EntryPoint","urlTemplate":"https:\/\/goldtagapp.com\/?s={search_term_string}"},"query-input":{"@type":"PropertyValueSpecification","valueRequired":true,"valueName":"search_term_string"}}],"inLanguage":"es"},{"@type":"Organization","@id":"https:\/\/goldtagapp.com\/#organization","name":"Goldtag App","url":"https:\/\/goldtagapp.com\/","logo":{"@type":"ImageObject","inLanguage":"es","@id":"https:\/\/goldtagapp.com\/#\/schema\/logo\/image\/","url":"https:\/\/goldtagapp.com\/wp-content\/uploads\/2025\/01\/google-icon.png","contentUrl":"https:\/\/goldtagapp.com\/wp-content\/uploads\/2025\/01\/google-icon.png","width":512,"height":512,"caption":"Goldtag App"},"image":{"@id":"https:\/\/goldtagapp.com\/#\/schema\/logo\/image\/"},"sameAs":["https:\/\/x.com\/Goldtag_TR","https:\/\/www.instagram.com\/goldtag_tr\/"]}]}},"_links":{"self":[{"href":"https:\/\/goldtagapp.com\/es\/wp-json\/wp\/v2\/pages\/651","targetHints":{"allow":["GET"]}}],"collection":[{"href":"https:\/\/goldtagapp.com\/es\/wp-json\/wp\/v2\/pages"}],"about":[{"href":"https:\/\/goldtagapp.com\/es\/wp-json\/wp\/v2\/types\/page"}],"author":[{"embeddable":true,"href":"https:\/\/goldtagapp.com\/es\/wp-json\/wp\/v2\/users\/1"}],"replies":[{"embeddable":true,"href":"https:\/\/goldtagapp.com\/es\/wp-json\/wp\/v2\/comments?post=651"}],"version-history":[{"count":0,"href":"https:\/\/goldtagapp.com\/es\/wp-json\/wp\/v2\/pages\/651\/revisions"}],"wp:attachment":[{"href":"https:\/\/goldtagapp.com\/es\/wp-json\/wp\/v2\/media?parent=651"}],"curies":[{"name":"wp","href":"https:\/\/api.w.org\/{rel}","templated":true}]}}