{"id":609,"date":"2024-12-22T21:18:03","date_gmt":"2024-12-22T21:18:03","guid":{"rendered":"https:\/\/eklentimarket.net\/goldtaggateway\/?page_id=609"},"modified":"2026-04-17T08:24:26","modified_gmt":"2026-04-17T08:24:26","slug":"goldtag-iletisim","status":"publish","type":"page","link":"https:\/\/goldtagapp.com\/es\/contactenos\/","title":{"rendered":"Contacto"},"content":{"rendered":"<div data-elementor-type=\"wp-page\" data-elementor-id=\"609\" class=\"elementor elementor-609\" data-elementor-post-type=\"page\">\n\t\t\t\t<div class=\"elementor-element elementor-element-60ec056 e-flex e-con-boxed e-con e-parent\" data-id=\"60ec056\" data-element_type=\"container\" data-settings=\"{&quot;background_background&quot;:&quot;gradient&quot;}\">\n\t\t\t\t\t<div class=\"e-con-inner\">\n\t\t<div class=\"elementor-element elementor-element-98b0220 e-con-full e-flex e-con e-child\" data-id=\"98b0220\" data-element_type=\"container\">\n\t\t\t\t<div class=\"elementor-element elementor-element-d046128 elementor-invisible elementor-widget elementor-widget-heading\" data-id=\"d046128\" data-element_type=\"widget\" data-settings=\"{&quot;_animation&quot;:&quot;fadeIn&quot;}\" data-widget_type=\"heading.default\">\n\t\t\t\t<div class=\"elementor-widget-container\">\n\t\t\t\t\t<h1 class=\"elementor-heading-title elementor-size-default\">Contacto<\/h1>\t\t\t\t<\/div>\n\t\t\t\t<\/div>\n\t\t<div class=\"elementor-element elementor-element-9cdfde1 e-con-full e-flex e-con e-child\" data-id=\"9cdfde1\" data-element_type=\"container\">\n\t\t<div class=\"elementor-element elementor-element-7ff418c e-con-full e-flex e-con e-child\" data-id=\"7ff418c\" data-element_type=\"container\">\n\t\t\t\t<div class=\"elementor-element elementor-element-e1187a9 elementor-position-right elementor-vertical-align-middle gold-gradient-sss elementor-mobile-position-right elementor-view-default elementor-widget elementor-widget-icon-box\" data-id=\"e1187a9\" data-element_type=\"widget\" data-widget_type=\"icon-box.default\">\n\t\t\t\t<div class=\"elementor-widget-container\">\n\t\t\t\t\t\t\t<div class=\"elementor-icon-box-wrapper\">\n\n\t\t\t\t\t\t<div class=\"elementor-icon-box-icon\">\n\t\t\t\t<a href=\"tel:08503072490\" class=\"elementor-icon\" tabindex=\"-1\" aria-label=\"Tel\u00e9fono\">\n\t\t\t\t<i aria-hidden=\"true\" class=\"hstdx hstdx-phone\"><\/i>\t\t\t\t<\/a>\n\t\t\t<\/div>\n\t\t\t\n\t\t\t\t\t\t<div class=\"elementor-icon-box-content\">\n\n\t\t\t\t\t\t\t\t\t<h3 class=\"elementor-icon-box-title\">\n\t\t\t\t\t\t<a href=\"tel:08503072490\" >\n\t\t\t\t\t\t\tTel\u00e9fono\t\t\t\t\t\t<\/a>\n\t\t\t\t\t<\/h3>\n\t\t\t\t\n\t\t\t\t\t\t\t\t\t<p class=\"elementor-icon-box-description\">\n\t\t\t\t\t\t0 850 307 2490\t\t\t\t\t<\/p>\n\t\t\t\t\n\t\t\t<\/div>\n\t\t\t\n\t\t<\/div>\n\t\t\t\t\t\t<\/div>\n\t\t\t\t<\/div>\n\t\t\t\t<div class=\"elementor-element elementor-element-1f7d02d elementor-position-right elementor-vertical-align-middle gold-gradient-sss elementor-mobile-position-right elementor-vertical-align-middle elementor-view-default elementor-widget elementor-widget-icon-box\" data-id=\"1f7d02d\" data-element_type=\"widget\" data-widget_type=\"icon-box.default\">\n\t\t\t\t<div class=\"elementor-widget-container\">\n\t\t\t\t\t\t\t<div class=\"elementor-icon-box-wrapper\">\n\n\t\t\t\t\t\t<div class=\"elementor-icon-box-icon\">\n\t\t\t\t<span  class=\"elementor-icon\">\n\t\t\t\t<i aria-hidden=\"true\" class=\"hstdx hstdx-map-pin-fill\"><\/i>\t\t\t\t<\/span>\n\t\t\t<\/div>\n\t\t\t\n\t\t\t\t\t\t<div class=\"elementor-icon-box-content\">\n\n\t\t\t\t\t\t\t\t\t<h3 class=\"elementor-icon-box-title\">\n\t\t\t\t\t\t<span  >\n\t\t\t\t\t\t\tDirecci\u00f3n de Oficina\t\t\t\t\t\t<\/span>\n\t\t\t\t\t<\/h3>\n\t\t\t\t\n\t\t\t\t\t\t\t\t\t<p class=\"elementor-icon-box-description\">\n\t\t\t\t\t\tMustafa Kemal, Mirage Plaza, \u015eht. \u00d6\u011fretmen \u015eenay Ayb\u00fcke Yal\u00e7\u0131n Cd. No:21\/2, 06530 \u00c7ankaya\/Ankara\t\t\t\t\t<\/p>\n\t\t\t\t\n\t\t\t<\/div>\n\t\t\t\n\t\t<\/div>\n\t\t\t\t\t\t<\/div>\n\t\t\t\t<\/div>\n\t\t\t\t<div class=\"elementor-element elementor-element-18181cf elementor-position-right elementor-vertical-align-middle gold-gradient-sss elementor-mobile-position-right elementor-view-default elementor-widget elementor-widget-icon-box\" data-id=\"18181cf\" data-element_type=\"widget\" data-widget_type=\"icon-box.default\">\n\t\t\t\t<div class=\"elementor-widget-container\">\n\t\t\t\t\t\t\t<div class=\"elementor-icon-box-wrapper\">\n\n\t\t\t\t\t\t<div class=\"elementor-icon-box-icon\">\n\t\t\t\t<a href=\"mailto:yardim@goldtagapp.com\" class=\"elementor-icon\" tabindex=\"-1\" aria-label=\"Correo Electr\u00f3nico\">\n\t\t\t\t<svg xmlns=\"http:\/\/www.w3.org\/2000\/svg\" viewbox=\"0 0 512 512\"><path d=\"M48 448l416-192L48 64v149.333L346 256 48 298.667z\"><\/path><\/svg>\t\t\t\t<\/a>\n\t\t\t<\/div>\n\t\t\t\n\t\t\t\t\t\t<div class=\"elementor-icon-box-content\">\n\n\t\t\t\t\t\t\t\t\t<h3 class=\"elementor-icon-box-title\">\n\t\t\t\t\t\t<a href=\"mailto:yardim@goldtagapp.com\" >\n\t\t\t\t\t\t\tCorreo Electr\u00f3nico\t\t\t\t\t\t<\/a>\n\t\t\t\t\t<\/h3>\n\t\t\t\t\n\t\t\t\t\t\t\t\t\t<p class=\"elementor-icon-box-description\">\n\t\t\t\t\t\tyardim@goldtagapp.com\t\t\t\t\t<\/p>\n\t\t\t\t\n\t\t\t<\/div>\n\t\t\t\n\t\t<\/div>\n\t\t\t\t\t\t<\/div>\n\t\t\t\t<\/div>\n\t\t\t\t<div class=\"elementor-element elementor-element-9944b61 elementor-position-right elementor-vertical-align-middle gold-gradient-sss elementor-mobile-position-right elementor-view-default elementor-widget elementor-widget-icon-box\" data-id=\"9944b61\" data-element_type=\"widget\" data-widget_type=\"icon-box.default\">\n\t\t\t\t<div class=\"elementor-widget-container\">\n\t\t\t\t\t\t\t<div class=\"elementor-icon-box-wrapper\">\n\n\t\t\t\t\t\t<div class=\"elementor-icon-box-icon\">\n\t\t\t\t<a href=\"mailto:info@goldtagapp.com\" class=\"elementor-icon\" tabindex=\"-1\" aria-label=\"Correo Electr\u00f3nico\">\n\t\t\t\t<svg xmlns=\"http:\/\/www.w3.org\/2000\/svg\" viewbox=\"0 0 512 512\"><path d=\"M48 448l416-192L48 64v149.333L346 256 48 298.667z\"><\/path><\/svg>\t\t\t\t<\/a>\n\t\t\t<\/div>\n\t\t\t\n\t\t\t\t\t\t<div class=\"elementor-icon-box-content\">\n\n\t\t\t\t\t\t\t\t\t<h3 class=\"elementor-icon-box-title\">\n\t\t\t\t\t\t<a href=\"mailto:info@goldtagapp.com\" >\n\t\t\t\t\t\t\tCorreo Electr\u00f3nico\t\t\t\t\t\t<\/a>\n\t\t\t\t\t<\/h3>\n\t\t\t\t\n\t\t\t\t\t\t\t\t\t<p class=\"elementor-icon-box-description\">\n\t\t\t\t\t\tinfo@goldtagapp.com\t\t\t\t\t<\/p>\n\t\t\t\t\n\t\t\t<\/div>\n\t\t\t\n\t\t<\/div>\n\t\t\t\t\t\t<\/div>\n\t\t\t\t<\/div>\n\t\t\t\t<div class=\"elementor-element elementor-element-84f469a elementor-position-right elementor-vertical-align-middle gold-gradient-sss elementor-mobile-position-right elementor-view-default elementor-widget elementor-widget-icon-box\" data-id=\"84f469a\" data-element_type=\"widget\" data-widget_type=\"icon-box.default\">\n\t\t\t\t<div class=\"elementor-widget-container\">\n\t\t\t\t\t\t\t<div class=\"elementor-icon-box-wrapper\">\n\n\t\t\t\t\t\t<div class=\"elementor-icon-box-icon\">\n\t\t\t\t<a href=\"mailto:kyc@goldtagapp.com\" class=\"elementor-icon\" tabindex=\"-1\" aria-label=\"Correo Electr\u00f3nico\">\n\t\t\t\t<svg xmlns=\"http:\/\/www.w3.org\/2000\/svg\" viewbox=\"0 0 512 512\"><path d=\"M48 448l416-192L48 64v149.333L346 256 48 298.667z\"><\/path><\/svg>\t\t\t\t<\/a>\n\t\t\t<\/div>\n\t\t\t\n\t\t\t\t\t\t<div class=\"elementor-icon-box-content\">\n\n\t\t\t\t\t\t\t\t\t<h3 class=\"elementor-icon-box-title\">\n\t\t\t\t\t\t<a href=\"mailto:kyc@goldtagapp.com\" >\n\t\t\t\t\t\t\tCorreo Electr\u00f3nico\t\t\t\t\t\t<\/a>\n\t\t\t\t\t<\/h3>\n\t\t\t\t\n\t\t\t\t\t\t\t\t\t<p class=\"elementor-icon-box-description\">\n\t\t\t\t\t\tkyc@goldtagapp.com\t\t\t\t\t<\/p>\n\t\t\t\t\n\t\t\t<\/div>\n\t\t\t\n\t\t<\/div>\n\t\t\t\t\t\t<\/div>\n\t\t\t\t<\/div>\n\t\t\t\t<div class=\"elementor-element elementor-element-f7c5cb6 elementor-position-right elementor-vertical-align-middle gold-gradient-sss elementor-mobile-position-right elementor-view-default elementor-widget elementor-widget-icon-box\" data-id=\"f7c5cb6\" data-element_type=\"widget\" data-widget_type=\"icon-box.default\">\n\t\t\t\t<div class=\"elementor-widget-container\">\n\t\t\t\t\t\t\t<div class=\"elementor-icon-box-wrapper\">\n\n\t\t\t\t\t\t<div class=\"elementor-icon-box-icon\">\n\t\t\t\t<a href=\"mailto:info@goldtagapp.com\" class=\"elementor-icon\" tabindex=\"-1\" aria-label=\"KEP Adresi\">\n\t\t\t\t<svg xmlns=\"http:\/\/www.w3.org\/2000\/svg\" viewbox=\"0 0 512 512\"><path d=\"M48 448l416-192L48 64v149.333L346 256 48 298.667z\"><\/path><\/svg>\t\t\t\t<\/a>\n\t\t\t<\/div>\n\t\t\t\n\t\t\t\t\t\t<div class=\"elementor-icon-box-content\">\n\n\t\t\t\t\t\t\t\t\t<h3 class=\"elementor-icon-box-title\">\n\t\t\t\t\t\t<a href=\"mailto:info@goldtagapp.com\" >\n\t\t\t\t\t\t\tKEP Adresi\t\t\t\t\t\t<\/a>\n\t\t\t\t\t<\/h3>\n\t\t\t\t\n\t\t\t\t\t\t\t\t\t<p class=\"elementor-icon-box-description\">\n\t\t\t\t\t\tfintagyazilim@hs01.kep.tr\t\t\t\t\t<\/p>\n\t\t\t\t\n\t\t\t<\/div>\n\t\t\t\n\t\t<\/div>\n\t\t\t\t\t\t<\/div>\n\t\t\t\t<\/div>\n\t\t\t\t<\/div>\n\t\t\t\t<\/div>\n\t\t\t\t<\/div>\n\t\t\t\t\t<\/div>\n\t\t\t\t<\/div>\n\t\t\t\t<\/div>","protected":false},"excerpt":{"rendered":"<p>\u0130leti\u015fim \u00a0 Telefon 0 850 307 2490 Ofis Adresi Mustafa Kemal, Mirage Plaza, \u015eht. \u00d6\u011fretmen \u015eenay Ayb\u00fcke Yal\u00e7\u0131n Cd. No:21\/2, 06530 \u00c7ankaya\/Ankara \u00a0 E-posta yardim@goldtagapp.com \u00a0 E-posta info@goldtagapp.com \u00a0 E-posta kyc@goldtagapp.com \u00a0 KEP Adresi fintagyazilim@hs01.kep.tr<\/p>","protected":false},"author":1,"featured_media":0,"parent":0,"menu_order":0,"comment_status":"closed","ping_status":"closed","template":"elementor_header_footer","meta":{"om_disable_all_campaigns":false,"footnotes":""},"class_list":["post-609","page","type-page","status-publish","hentry"],"yoast_head":"<!-- This site is optimized with the Yoast SEO plugin v25.6 - https:\/\/yoast.com\/wordpress\/plugins\/seo\/ -->\n<title>Goldtag \u0130leti\u015fim | M\u00fc\u015fteri Hizmetleri ve Destek Hatt\u0131<\/title>\n<meta name=\"description\" content=\"Goldtag m\u00fc\u015fteri hizmetleri ile 7\/24 ileti\u015fime ge\u00e7in. Dijital alt\u0131n yat\u0131r\u0131m\u0131, hesap i\u015flemleri ve teknik destek i\u00e7in bize yaz\u0131n veya aray\u0131n.\" \/>\n<meta name=\"robots\" content=\"index, follow, max-snippet:-1, max-image-preview:large, max-video-preview:-1\" \/>\n<link rel=\"canonical\" href=\"https:\/\/goldtagapp.com\/es\/contactenos\/\" \/>\n<meta property=\"og:locale\" content=\"es_ES\" \/>\n<meta property=\"og:type\" content=\"article\" \/>\n<meta property=\"og:title\" content=\"Goldtag \u0130leti\u015fim | M\u00fc\u015fteri Hizmetleri ve Destek Hatt\u0131\" \/>\n<meta property=\"og:description\" content=\"Goldtag m\u00fc\u015fteri hizmetleri ile 7\/24 ileti\u015fime ge\u00e7in. Dijital alt\u0131n yat\u0131r\u0131m\u0131, hesap i\u015flemleri ve teknik destek i\u00e7in bize yaz\u0131n veya aray\u0131n.\" \/>\n<meta property=\"og:url\" content=\"https:\/\/goldtagapp.com\/es\/contactenos\/\" \/>\n<meta property=\"og:site_name\" content=\"Goldtag App\" \/>\n<meta property=\"article:modified_time\" content=\"2026-04-17T08:24:26+00:00\" \/>\n<meta name=\"twitter:card\" content=\"summary_large_image\" \/>\n<meta name=\"twitter:site\" content=\"@Goldtag_TR\" \/>\n<meta name=\"twitter:label1\" content=\"Tiempo de lectura\" \/>\n\t<meta name=\"twitter:data1\" content=\"1 minuto\" \/>\n<script type=\"application\/ld+json\" class=\"yoast-schema-graph\">{\"@context\":\"https:\/\/schema.org\",\"@graph\":[{\"@type\":\"WebPage\",\"@id\":\"https:\/\/goldtagapp.com\/goldtag-iletisim\/\",\"url\":\"https:\/\/goldtagapp.com\/goldtag-iletisim\/\",\"name\":\"Goldtag \u0130leti\u015fim | M\u00fc\u015fteri Hizmetleri ve Destek Hatt\u0131\",\"isPartOf\":{\"@id\":\"https:\/\/goldtagapp.com\/#website\"},\"datePublished\":\"2024-12-22T21:18:03+00:00\",\"dateModified\":\"2026-04-17T08:24:26+00:00\",\"description\":\"Goldtag m\u00fc\u015fteri hizmetleri ile 7\/24 ileti\u015fime ge\u00e7in. Dijital alt\u0131n yat\u0131r\u0131m\u0131, hesap i\u015flemleri ve teknik destek i\u00e7in bize yaz\u0131n veya aray\u0131n.\",\"breadcrumb\":{\"@id\":\"https:\/\/goldtagapp.com\/goldtag-iletisim\/#breadcrumb\"},\"inLanguage\":\"es\",\"potentialAction\":[{\"@type\":\"ReadAction\",\"target\":[\"https:\/\/goldtagapp.com\/goldtag-iletisim\/\"]}]},{\"@type\":\"BreadcrumbList\",\"@id\":\"https:\/\/goldtagapp.com\/goldtag-iletisim\/#breadcrumb\",\"itemListElement\":[{\"@type\":\"ListItem\",\"position\":1,\"name\":\"Anasayfa\",\"item\":\"https:\/\/goldtagapp.com\/\"},{\"@type\":\"ListItem\",\"position\":2,\"name\":\"\u0130leti\u015fim\"}]},{\"@type\":\"WebSite\",\"@id\":\"https:\/\/goldtagapp.com\/#website\",\"url\":\"https:\/\/goldtagapp.com\/\",\"name\":\"Goldtag App\",\"description\":\"Birikimin Gelece\u011fi\",\"publisher\":{\"@id\":\"https:\/\/goldtagapp.com\/#organization\"},\"potentialAction\":[{\"@type\":\"SearchAction\",\"target\":{\"@type\":\"EntryPoint\",\"urlTemplate\":\"https:\/\/goldtagapp.com\/?s={search_term_string}\"},\"query-input\":{\"@type\":\"PropertyValueSpecification\",\"valueRequired\":true,\"valueName\":\"search_term_string\"}}],\"inLanguage\":\"es\"},{\"@type\":\"Organization\",\"@id\":\"https:\/\/goldtagapp.com\/#organization\",\"name\":\"Goldtag App\",\"url\":\"https:\/\/goldtagapp.com\/\",\"logo\":{\"@type\":\"ImageObject\",\"inLanguage\":\"es\",\"@id\":\"https:\/\/goldtagapp.com\/#\/schema\/logo\/image\/\",\"url\":\"https:\/\/goldtagapp.com\/wp-content\/uploads\/2025\/01\/google-icon.png\",\"contentUrl\":\"https:\/\/goldtagapp.com\/wp-content\/uploads\/2025\/01\/google-icon.png\",\"width\":512,\"height\":512,\"caption\":\"Goldtag App\"},\"image\":{\"@id\":\"https:\/\/goldtagapp.com\/#\/schema\/logo\/image\/\"},\"sameAs\":[\"https:\/\/x.com\/Goldtag_TR\",\"https:\/\/www.instagram.com\/goldtag_tr\/\",\"https:\/\/www.linkedin.com\/company\/goldtag\"]}]}<\/script>\n<!-- \/ Yoast SEO plugin. -->","yoast_head_json":{"title":"Goldtag \u0130leti\u015fim | M\u00fc\u015fteri Hizmetleri ve Destek Hatt\u0131","description":"Goldtag m\u00fc\u015fteri hizmetleri ile 7\/24 ileti\u015fime ge\u00e7in. Dijital alt\u0131n yat\u0131r\u0131m\u0131, hesap i\u015flemleri ve teknik destek i\u00e7in bize yaz\u0131n veya aray\u0131n.","robots":{"index":"index","follow":"follow","max-snippet":"max-snippet:-1","max-image-preview":"max-image-preview:large","max-video-preview":"max-video-preview:-1"},"canonical":"https:\/\/goldtagapp.com\/es\/contactenos\/","og_locale":"es_ES","og_type":"article","og_title":"Goldtag \u0130leti\u015fim | M\u00fc\u015fteri Hizmetleri ve Destek Hatt\u0131","og_description":"Goldtag m\u00fc\u015fteri hizmetleri ile 7\/24 ileti\u015fime ge\u00e7in. Dijital alt\u0131n yat\u0131r\u0131m\u0131, hesap i\u015flemleri ve teknik destek i\u00e7in bize yaz\u0131n veya aray\u0131n.","og_url":"https:\/\/goldtagapp.com\/es\/contactenos\/","og_site_name":"Goldtag App","article_modified_time":"2026-04-17T08:24:26+00:00","twitter_card":"summary_large_image","twitter_site":"@Goldtag_TR","twitter_misc":{"Tiempo de lectura":"1 minuto"},"schema":{"@context":"https:\/\/schema.org","@graph":[{"@type":"WebPage","@id":"https:\/\/goldtagapp.com\/goldtag-iletisim\/","url":"https:\/\/goldtagapp.com\/goldtag-iletisim\/","name":"Goldtag \u0130leti\u015fim | M\u00fc\u015fteri Hizmetleri ve Destek Hatt\u0131","isPartOf":{"@id":"https:\/\/goldtagapp.com\/#website"},"datePublished":"2024-12-22T21:18:03+00:00","dateModified":"2026-04-17T08:24:26+00:00","description":"Goldtag m\u00fc\u015fteri hizmetleri ile 7\/24 ileti\u015fime ge\u00e7in. Dijital alt\u0131n yat\u0131r\u0131m\u0131, hesap i\u015flemleri ve teknik destek i\u00e7in bize yaz\u0131n veya aray\u0131n.","breadcrumb":{"@id":"https:\/\/goldtagapp.com\/goldtag-iletisim\/#breadcrumb"},"inLanguage":"es","potentialAction":[{"@type":"ReadAction","target":["https:\/\/goldtagapp.com\/goldtag-iletisim\/"]}]},{"@type":"BreadcrumbList","@id":"https:\/\/goldtagapp.com\/goldtag-iletisim\/#breadcrumb","itemListElement":[{"@type":"ListItem","position":1,"name":"Anasayfa","item":"https:\/\/goldtagapp.com\/"},{"@type":"ListItem","position":2,"name":"\u0130leti\u015fim"}]},{"@type":"WebSite","@id":"https:\/\/goldtagapp.com\/#website","url":"https:\/\/goldtagapp.com\/","name":"Goldtag App","description":"Birikimin Gelece\u011fi","publisher":{"@id":"https:\/\/goldtagapp.com\/#organization"},"potentialAction":[{"@type":"SearchAction","target":{"@type":"EntryPoint","urlTemplate":"https:\/\/goldtagapp.com\/?s={search_term_string}"},"query-input":{"@type":"PropertyValueSpecification","valueRequired":true,"valueName":"search_term_string"}}],"inLanguage":"es"},{"@type":"Organization","@id":"https:\/\/goldtagapp.com\/#organization","name":"Goldtag App","url":"https:\/\/goldtagapp.com\/","logo":{"@type":"ImageObject","inLanguage":"es","@id":"https:\/\/goldtagapp.com\/#\/schema\/logo\/image\/","url":"https:\/\/goldtagapp.com\/wp-content\/uploads\/2025\/01\/google-icon.png","contentUrl":"https:\/\/goldtagapp.com\/wp-content\/uploads\/2025\/01\/google-icon.png","width":512,"height":512,"caption":"Goldtag App"},"image":{"@id":"https:\/\/goldtagapp.com\/#\/schema\/logo\/image\/"},"sameAs":["https:\/\/x.com\/Goldtag_TR","https:\/\/www.instagram.com\/goldtag_tr\/","https:\/\/www.linkedin.com\/company\/goldtag"]}]}},"_links":{"self":[{"href":"https:\/\/goldtagapp.com\/es\/wp-json\/wp\/v2\/pages\/609","targetHints":{"allow":["GET"]}}],"collection":[{"href":"https:\/\/goldtagapp.com\/es\/wp-json\/wp\/v2\/pages"}],"about":[{"href":"https:\/\/goldtagapp.com\/es\/wp-json\/wp\/v2\/types\/page"}],"author":[{"embeddable":true,"href":"https:\/\/goldtagapp.com\/es\/wp-json\/wp\/v2\/users\/1"}],"replies":[{"embeddable":true,"href":"https:\/\/goldtagapp.com\/es\/wp-json\/wp\/v2\/comments?post=609"}],"version-history":[{"count":10,"href":"https:\/\/goldtagapp.com\/es\/wp-json\/wp\/v2\/pages\/609\/revisions"}],"predecessor-version":[{"id":4527,"href":"https:\/\/goldtagapp.com\/es\/wp-json\/wp\/v2\/pages\/609\/revisions\/4527"}],"wp:attachment":[{"href":"https:\/\/goldtagapp.com\/es\/wp-json\/wp\/v2\/media?parent=609"}],"curies":[{"name":"wp","href":"https:\/\/api.w.org\/{rel}","templated":true}]}}