{"id":651,"date":"2024-12-23T00:27:05","date_gmt":"2024-12-23T00:27:05","guid":{"rendered":"https:\/\/eklentimarket.net\/goldtaggateway\/?page_id=651"},"modified":"2026-04-17T08:24:32","modified_gmt":"2026-04-17T08:24:32","slug":"gizlilik-ve-cerez-politikasi","status":"publish","type":"page","link":"https:\/\/goldtagapp.com\/en\/privacy-policy-and-cookies\/","title":{"rendered":"Goldtag Gizlilik ve \u00c7erez Politikas\u0131"},"content":{"rendered":"<div data-elementor-type=\"wp-page\" data-elementor-id=\"651\" class=\"elementor elementor-651\" data-elementor-post-type=\"page\">\n\t\t\t\t<div class=\"elementor-element elementor-element-e7dda7b e-flex e-con-boxed e-con e-parent\" data-id=\"e7dda7b\" data-element_type=\"container\" data-settings=\"{&quot;background_background&quot;:&quot;gradient&quot;}\">\n\t\t\t\t\t<div class=\"e-con-inner\">\n\t\t<div class=\"elementor-element elementor-element-8050260 e-con-full e-flex e-con e-child\" data-id=\"8050260\" data-element_type=\"container\">\n\t\t\t\t<div class=\"elementor-element elementor-element-c004a0f elementor-invisible elementor-widget elementor-widget-heading\" data-id=\"c004a0f\" data-element_type=\"widget\" data-settings=\"{&quot;_animation&quot;:&quot;fadeIn&quot;}\" data-widget_type=\"heading.default\">\n\t\t\t\t<div class=\"elementor-widget-container\">\n\t\t\t\t\t<h1 class=\"elementor-heading-title elementor-size-default\">Privacy Policy<\/h1>\t\t\t\t<\/div>\n\t\t\t\t<\/div>\n\t\t\t\t<div class=\"elementor-element elementor-element-bb5862b elementor-widget__width-inherit elementor-widget-mobile__width-inherit elementor-invisible elementor-widget elementor-widget-text-editor\" data-id=\"bb5862b\" data-element_type=\"widget\" data-settings=\"{&quot;_animation&quot;:&quot;fadeIn&quot;}\" data-widget_type=\"text-editor.default\">\n\t\t\t\t<div class=\"elementor-widget-container\">\n\t\t\t\t\t\t\t\t\t<p>As Fintag Software Consultancy Inc. (\u201cGoldtag\u201d), we are committed to protecting the privacy of individuals using our site to ensure that our users can benefit from our services securely and completely.<\/p><p>Like most websites, goldtag.org (\u201cSite\u201d) and its mobile application (collectively referred to as the \u201cPlatform\u201d) use Cookies to display personalized content and advertisements to visitors, conduct analytical activities within the site, and track visitor usage habits.<\/p><p>This Cookie Policy is an integral part of Goldtag's User Information and Privacy Policy. Goldtag has prepared this Cookie Policy (\u201cPolicy\u201d) to explain which Cookies are used on the Site and how users can manage their preferences regarding this matter. For more detailed information about how Goldtag processes your personal data, we recommend reviewing the Privacy Policy and Cookies section of goldtag.org.<\/p><h4><strong>What is a Cookie?<\/strong><\/h4><p>Cookies are small text files stored on your device or network server via browsers by the websites you visit. Cookies are created by servers associated with the website you visit, allowing the server to recognize the visitor when they return to the same site.<\/p><p>Cookies do not contain personal data such as name, gender, or address. For more detailed information about cookies, you can visit www.aboutcookies.org and www.allaboutcookies.org.<\/p><h4><strong>Which Cookies Are Used?<\/strong><\/h4><p>Cookies can be categorized based on their owner, lifespan, and purpose of use:<\/p><p>By the party that places the cookie: The Platform uses first-party cookies (set by Goldtag) and third-party cookies (managed by partner companies working with Goldtag).<\/p><p>By purpose of use: The Platform uses technical cookies, authentication cookies, targeting\/advertising cookies, personalization cookies, and analytical cookies.<\/p><p>By Purpose of Use:\n\nOn the Platform, the following types of cookies are used: technical cookies, authentication cookies, targeting\/advertising cookies, personalization cookies, and analytical cookies.<\/p><h4><strong>Why Are Cookies Used?<\/strong><\/h4><p>Cookies are used on the Platform for the following purposes:<\/p><p>To perform essential functions necessary for the Platform\u2019s operation:\n\n    For example, preventing Goldtag members from needing to log in again while creating an event on their Goldtag accounts.\n    Ensuring that logged-in members do not have to re-enter their passwords when navigating between different pages on the Platform.<\/p><p>To analyze and enhance the performance of the Platform:\n\n    For example, integrating different servers that the Platform operates on.\n    Identifying the number of visitors on the Platform and making performance adjustments accordingly.\n    Facilitating the ability of visitors to find what they are looking for more easily.<\/p><p>To improve the functionality and user-friendliness of the Platform:\n\n    For example, enabling the sharing of content on third-party social media platforms via the Platform.\n    Remembering the visitor\u2019s username or search queries for their next visit.<\/p><h4><strong>How Can You Manage Your Cookie Preferences?<\/strong><\/h4><p>Goldtag highly values users' ability to control their personal data preferences. However, it is not possible to manage preferences for some cookies that are necessary for the operation of the site and application. Additionally, we would like to remind you that disabling certain cookies may cause some functions of the Site to not work properly.<\/p><p><strong>Below are the methods for managing cookie preferences used on the Platform:<\/strong><\/p><p>Visitors can customize their cookie preferences by changing the browser settings through which they view the Platform. If the browser in use provides this option, it is possible to modify cookie preferences through browser settings.\n\nDepending on the browser's capabilities, data owners may have the option to:\n\n    Block the use of cookies\n    Receive a warning before cookies are used\n    Disable or delete only certain cookies\n\nThese preferences vary depending on the browser being used, but a general guide can be accessed here. Additionally, cookie preferences may need to be set separately for each device used to access the Platform.<\/p><p><strong>Click here to disable cookies managed by Google Analytics.<\/strong><\/p><p><strong>Click here to manage personalized ad experiences provided by Google.<\/strong><\/p><p>Cookie preferences for many companies' advertising activities can be managed via Your Online Choices.<\/p><p>To manage cookies on mobile devices, you can use the settings menu of your mobile device.<\/p>\t\t\t\t\t\t\t\t<\/div>\n\t\t\t\t<\/div>\n\t\t\t\t<\/div>\n\t\t\t\t\t<\/div>\n\t\t\t\t<\/div>\n\t\t\t\t<\/div>","protected":false},"excerpt":{"rendered":"<p>Gizlilik ve \u00c7erez Politikas\u0131 Fintag Yaz\u0131l\u0131m Dan\u0131\u015fmanl\u0131k A.\u015e.(\u201cGoldtag\u201d) olarak, kullan\u0131c\u0131lar\u0131m\u0131z\u0131n hizmetlerimizden g\u00fcvenli ve eksiksiz \u015fekilde faydalanmalar\u0131n\u0131 sa\u011flamak amac\u0131yla sitemizi kullanan ki\u015filerin gizlili\u011fini korumak i\u00e7in \u00e7al\u0131\u015f\u0131yoruz. \u00c7o\u011fu web sitesinde oldu\u011fu gibi, goldtag.org (\u201cSite\u201d) ile mobil uygulaman\u0131n (hepsi birlikte \u201cPlatform\u201d olarak an\u0131lacakt\u0131r) ziyaret\u00e7ilere ki\u015fisel i\u00e7erik ve reklamlar g\u00f6stermek, site i\u00e7inde analitik faaliyetler ger\u00e7ekle\u015ftirmek ve ziyaret\u00e7i kullan\u0131m al\u0131\u015fkanl\u0131klar\u0131n\u0131 [&hellip;]<\/p>","protected":false},"author":1,"featured_media":0,"parent":0,"menu_order":0,"comment_status":"closed","ping_status":"closed","template":"elementor_header_footer","meta":{"om_disable_all_campaigns":false,"footnotes":""},"class_list":["post-651","page","type-page","status-publish","hentry"],"yoast_head":"<!-- This site is optimized with the Yoast SEO plugin v25.6 - https:\/\/yoast.com\/wordpress\/plugins\/seo\/ -->\n<title>Gizlilik Politikas\u0131 ve \u00c7erez Kullan\u0131m\u0131 | Goldtag App \u2013 KVKK Uyumlu<\/title>\n<meta name=\"description\" content=\"Goldtag, ki\u015fisel verilerinizi KVKK kapsam\u0131nda korur. Dijital alt\u0131n yat\u0131r\u0131m uygulamas\u0131n\u0131n gizlilik politikas\u0131 ve \u00e7erez kullan\u0131m ilkeleri hakk\u0131nda bilgi edinin.\" \/>\n<meta name=\"robots\" content=\"index, follow, max-snippet:-1, max-image-preview:large, max-video-preview:-1\" \/>\n<link rel=\"canonical\" href=\"https:\/\/goldtagapp.com\/en\/privacy-policy-and-cookies\/\" \/>\n<meta property=\"og:locale\" content=\"en_US\" \/>\n<meta property=\"og:type\" content=\"article\" \/>\n<meta property=\"og:title\" content=\"Gizlilik Politikas\u0131 ve \u00c7erez Kullan\u0131m\u0131 | Goldtag App \u2013 KVKK Uyumlu\" \/>\n<meta property=\"og:description\" content=\"Goldtag, ki\u015fisel verilerinizi KVKK kapsam\u0131nda korur. Dijital alt\u0131n yat\u0131r\u0131m uygulamas\u0131n\u0131n gizlilik politikas\u0131 ve \u00e7erez kullan\u0131m ilkeleri hakk\u0131nda bilgi edinin.\" \/>\n<meta property=\"og:url\" content=\"https:\/\/goldtagapp.com\/en\/privacy-policy-and-cookies\/\" \/>\n<meta property=\"og:site_name\" content=\"Goldtag App\" \/>\n<meta property=\"article:modified_time\" content=\"2026-04-17T08:24:32+00:00\" \/>\n<meta name=\"twitter:card\" content=\"summary_large_image\" \/>\n<meta name=\"twitter:site\" content=\"@Goldtag_TR\" \/>\n<meta name=\"twitter:label1\" content=\"Est. reading time\" \/>\n\t<meta name=\"twitter:data1\" content=\"4 minutes\" \/>\n<script type=\"application\/ld+json\" class=\"yoast-schema-graph\">{\"@context\":\"https:\/\/schema.org\",\"@graph\":[{\"@type\":\"WebPage\",\"@id\":\"https:\/\/goldtagapp.com\/gizlilik-ve-cerez-politikasi\/\",\"url\":\"https:\/\/goldtagapp.com\/gizlilik-ve-cerez-politikasi\/\",\"name\":\"Gizlilik Politikas\u0131 ve \u00c7erez Kullan\u0131m\u0131 | Goldtag App \u2013 KVKK Uyumlu\",\"isPartOf\":{\"@id\":\"https:\/\/goldtagapp.com\/#website\"},\"datePublished\":\"2024-12-23T00:27:05+00:00\",\"dateModified\":\"2026-04-17T08:24:32+00:00\",\"description\":\"Goldtag, ki\u015fisel verilerinizi KVKK kapsam\u0131nda korur. Dijital alt\u0131n yat\u0131r\u0131m uygulamas\u0131n\u0131n gizlilik politikas\u0131 ve \u00e7erez kullan\u0131m ilkeleri hakk\u0131nda bilgi edinin.\",\"breadcrumb\":{\"@id\":\"https:\/\/goldtagapp.com\/gizlilik-ve-cerez-politikasi\/#breadcrumb\"},\"inLanguage\":\"en-US\",\"potentialAction\":[{\"@type\":\"ReadAction\",\"target\":[\"https:\/\/goldtagapp.com\/gizlilik-ve-cerez-politikasi\/\"]}]},{\"@type\":\"BreadcrumbList\",\"@id\":\"https:\/\/goldtagapp.com\/gizlilik-ve-cerez-politikasi\/#breadcrumb\",\"itemListElement\":[{\"@type\":\"ListItem\",\"position\":1,\"name\":\"Anasayfa\",\"item\":\"https:\/\/goldtagapp.com\/\"},{\"@type\":\"ListItem\",\"position\":2,\"name\":\"Goldtag Gizlilik ve \u00c7erez Politikas\u0131\"}]},{\"@type\":\"WebSite\",\"@id\":\"https:\/\/goldtagapp.com\/#website\",\"url\":\"https:\/\/goldtagapp.com\/\",\"name\":\"Goldtag App\",\"description\":\"Birikimin Gelece\u011fi\",\"publisher\":{\"@id\":\"https:\/\/goldtagapp.com\/#organization\"},\"potentialAction\":[{\"@type\":\"SearchAction\",\"target\":{\"@type\":\"EntryPoint\",\"urlTemplate\":\"https:\/\/goldtagapp.com\/?s={search_term_string}\"},\"query-input\":{\"@type\":\"PropertyValueSpecification\",\"valueRequired\":true,\"valueName\":\"search_term_string\"}}],\"inLanguage\":\"en-US\"},{\"@type\":\"Organization\",\"@id\":\"https:\/\/goldtagapp.com\/#organization\",\"name\":\"Goldtag App\",\"url\":\"https:\/\/goldtagapp.com\/\",\"logo\":{\"@type\":\"ImageObject\",\"inLanguage\":\"en-US\",\"@id\":\"https:\/\/goldtagapp.com\/#\/schema\/logo\/image\/\",\"url\":\"https:\/\/goldtagapp.com\/wp-content\/uploads\/2025\/01\/google-icon.png\",\"contentUrl\":\"https:\/\/goldtagapp.com\/wp-content\/uploads\/2025\/01\/google-icon.png\",\"width\":512,\"height\":512,\"caption\":\"Goldtag App\"},\"image\":{\"@id\":\"https:\/\/goldtagapp.com\/#\/schema\/logo\/image\/\"},\"sameAs\":[\"https:\/\/x.com\/Goldtag_TR\",\"https:\/\/www.instagram.com\/goldtag_tr\/\",\"https:\/\/www.linkedin.com\/company\/goldtag\"]}]}<\/script>\n<!-- \/ Yoast SEO plugin. -->","yoast_head_json":{"title":"Gizlilik Politikas\u0131 ve \u00c7erez Kullan\u0131m\u0131 | Goldtag App \u2013 KVKK Uyumlu","description":"Goldtag, ki\u015fisel verilerinizi KVKK kapsam\u0131nda korur. Dijital alt\u0131n yat\u0131r\u0131m uygulamas\u0131n\u0131n gizlilik politikas\u0131 ve \u00e7erez kullan\u0131m ilkeleri hakk\u0131nda bilgi edinin.","robots":{"index":"index","follow":"follow","max-snippet":"max-snippet:-1","max-image-preview":"max-image-preview:large","max-video-preview":"max-video-preview:-1"},"canonical":"https:\/\/goldtagapp.com\/en\/privacy-policy-and-cookies\/","og_locale":"en_US","og_type":"article","og_title":"Gizlilik Politikas\u0131 ve \u00c7erez Kullan\u0131m\u0131 | Goldtag App \u2013 KVKK Uyumlu","og_description":"Goldtag, ki\u015fisel verilerinizi KVKK kapsam\u0131nda korur. Dijital alt\u0131n yat\u0131r\u0131m uygulamas\u0131n\u0131n gizlilik politikas\u0131 ve \u00e7erez kullan\u0131m ilkeleri hakk\u0131nda bilgi edinin.","og_url":"https:\/\/goldtagapp.com\/en\/privacy-policy-and-cookies\/","og_site_name":"Goldtag App","article_modified_time":"2026-04-17T08:24:32+00:00","twitter_card":"summary_large_image","twitter_site":"@Goldtag_TR","twitter_misc":{"Est. reading time":"4 minutes"},"schema":{"@context":"https:\/\/schema.org","@graph":[{"@type":"WebPage","@id":"https:\/\/goldtagapp.com\/gizlilik-ve-cerez-politikasi\/","url":"https:\/\/goldtagapp.com\/gizlilik-ve-cerez-politikasi\/","name":"Gizlilik Politikas\u0131 ve \u00c7erez Kullan\u0131m\u0131 | Goldtag App \u2013 KVKK Uyumlu","isPartOf":{"@id":"https:\/\/goldtagapp.com\/#website"},"datePublished":"2024-12-23T00:27:05+00:00","dateModified":"2026-04-17T08:24:32+00:00","description":"Goldtag, ki\u015fisel verilerinizi KVKK kapsam\u0131nda korur. Dijital alt\u0131n yat\u0131r\u0131m uygulamas\u0131n\u0131n gizlilik politikas\u0131 ve \u00e7erez kullan\u0131m ilkeleri hakk\u0131nda bilgi edinin.","breadcrumb":{"@id":"https:\/\/goldtagapp.com\/gizlilik-ve-cerez-politikasi\/#breadcrumb"},"inLanguage":"en-US","potentialAction":[{"@type":"ReadAction","target":["https:\/\/goldtagapp.com\/gizlilik-ve-cerez-politikasi\/"]}]},{"@type":"BreadcrumbList","@id":"https:\/\/goldtagapp.com\/gizlilik-ve-cerez-politikasi\/#breadcrumb","itemListElement":[{"@type":"ListItem","position":1,"name":"Anasayfa","item":"https:\/\/goldtagapp.com\/"},{"@type":"ListItem","position":2,"name":"Goldtag Gizlilik ve \u00c7erez Politikas\u0131"}]},{"@type":"WebSite","@id":"https:\/\/goldtagapp.com\/#website","url":"https:\/\/goldtagapp.com\/","name":"Goldtag App","description":"Birikimin Gelece\u011fi","publisher":{"@id":"https:\/\/goldtagapp.com\/#organization"},"potentialAction":[{"@type":"SearchAction","target":{"@type":"EntryPoint","urlTemplate":"https:\/\/goldtagapp.com\/?s={search_term_string}"},"query-input":{"@type":"PropertyValueSpecification","valueRequired":true,"valueName":"search_term_string"}}],"inLanguage":"en-US"},{"@type":"Organization","@id":"https:\/\/goldtagapp.com\/#organization","name":"Goldtag App","url":"https:\/\/goldtagapp.com\/","logo":{"@type":"ImageObject","inLanguage":"en-US","@id":"https:\/\/goldtagapp.com\/#\/schema\/logo\/image\/","url":"https:\/\/goldtagapp.com\/wp-content\/uploads\/2025\/01\/google-icon.png","contentUrl":"https:\/\/goldtagapp.com\/wp-content\/uploads\/2025\/01\/google-icon.png","width":512,"height":512,"caption":"Goldtag App"},"image":{"@id":"https:\/\/goldtagapp.com\/#\/schema\/logo\/image\/"},"sameAs":["https:\/\/x.com\/Goldtag_TR","https:\/\/www.instagram.com\/goldtag_tr\/","https:\/\/www.linkedin.com\/company\/goldtag"]}]}},"_links":{"self":[{"href":"https:\/\/goldtagapp.com\/en\/wp-json\/wp\/v2\/pages\/651","targetHints":{"allow":["GET"]}}],"collection":[{"href":"https:\/\/goldtagapp.com\/en\/wp-json\/wp\/v2\/pages"}],"about":[{"href":"https:\/\/goldtagapp.com\/en\/wp-json\/wp\/v2\/types\/page"}],"author":[{"embeddable":true,"href":"https:\/\/goldtagapp.com\/en\/wp-json\/wp\/v2\/users\/1"}],"replies":[{"embeddable":true,"href":"https:\/\/goldtagapp.com\/en\/wp-json\/wp\/v2\/comments?post=651"}],"version-history":[{"count":4,"href":"https:\/\/goldtagapp.com\/en\/wp-json\/wp\/v2\/pages\/651\/revisions"}],"predecessor-version":[{"id":4528,"href":"https:\/\/goldtagapp.com\/en\/wp-json\/wp\/v2\/pages\/651\/revisions\/4528"}],"wp:attachment":[{"href":"https:\/\/goldtagapp.com\/en\/wp-json\/wp\/v2\/media?parent=651"}],"curies":[{"name":"wp","href":"https:\/\/api.w.org\/{rel}","templated":true}]}}